{"id":11,"date":"2023-08-24T11:18:50","date_gmt":"2023-08-24T11:18:50","guid":{"rendered":"https:\/\/maxlb.se\/?page_id=11"},"modified":"2023-09-25T12:00:15","modified_gmt":"2023-09-25T12:00:15","slug":"tjanster","status":"publish","type":"page","link":"https:\/\/maxlb.se\/?page_id=11","title":{"rendered":"TJ\u00c4NSTER"},"content":{"rendered":"\t\t<div data-elementor-type=\"wp-page\" data-elementor-id=\"11\" class=\"elementor elementor-11\">\n\t\t\t\t\t\t<section class=\"elementor-section elementor-top-section elementor-element elementor-element-466f7b1 elementor-section-full_width elementor-section-stretched elementor-section-height-default elementor-section-height-default\" data-id=\"466f7b1\" data-element_type=\"section\" data-settings=\"{&quot;stretch_section&quot;:&quot;section-stretched&quot;,&quot;background_background&quot;:&quot;classic&quot;}\">\n\t\t\t\t\t\t\t<div class=\"elementor-background-overlay\"><\/div>\n\t\t\t\t\t\t\t<div class=\"elementor-container elementor-column-gap-default\">\n\t\t\t\t\t<div class=\"elementor-column elementor-col-100 elementor-top-column elementor-element elementor-element-c436cf0\" data-id=\"c436cf0\" data-element_type=\"column\">\n\t\t\t<div class=\"elementor-widget-wrap elementor-element-populated\">\n\t\t\t\t\t\t<section class=\"elementor-section elementor-inner-section elementor-element elementor-element-3a8d157 elementor-section-boxed elementor-section-height-default elementor-section-height-default\" data-id=\"3a8d157\" data-element_type=\"section\">\n\t\t\t\t\t\t<div class=\"elementor-container elementor-column-gap-default\">\n\t\t\t\t\t<div class=\"elementor-column elementor-col-33 elementor-inner-column elementor-element elementor-element-bb133a8\" data-id=\"bb133a8\" data-element_type=\"column\">\n\t\t\t<div class=\"elementor-widget-wrap elementor-element-populated\">\n\t\t\t\t\t\t<div class=\"elementor-element elementor-element-293b315 elementor-view-stacked elementor-shape-circle elementor-position-top elementor-mobile-position-top elementor-widget elementor-widget-icon-box\" data-id=\"293b315\" data-element_type=\"widget\" data-widget_type=\"icon-box.default\">\n\t\t\t\t<div class=\"elementor-widget-container\">\n\t\t\t\t\t\t\t<div class=\"elementor-icon-box-wrapper\">\n\n\t\t\t\t\t\t<div class=\"elementor-icon-box-icon\">\n\t\t\t\t<span  class=\"elementor-icon\">\n\t\t\t\t<i aria-hidden=\"true\" class=\"icon icon-check\"><\/i>\t\t\t\t<\/span>\n\t\t\t<\/div>\n\t\t\t\n\t\t\t\t\t\t<div class=\"elementor-icon-box-content\">\n\n\t\t\t\t\t\t\t\t\t<h5 class=\"elementor-icon-box-title\">\n\t\t\t\t\t\t<span  >\n\t\t\t\t\t\t\tRedovisning\t\t\t\t\t\t<\/span>\n\t\t\t\t\t<\/h5>\n\t\t\t\t\n\t\t\t\t\t\t\t\t\t<p class=\"elementor-icon-box-description\">\n\t\t\t\t\t\tVi sk\u00f6ter hela eller delar av ditt f\u00f6retags ekonomihantering med fokus p\u00e5 kvalitet, kostnad och tid. Det innefattar bland annat bokf\u00f6ring, fakturering, utbetalningar, bokslut, \u00e5rsredovisning, l\u00f6nehantering och bolagsregistrering. Du kan fokusera p\u00e5 det du kan b\u00e4st \u2013 ditt f\u00f6retag!\t\t\t\t\t<\/p>\n\t\t\t\t\n\t\t\t<\/div>\n\t\t\t\n\t\t<\/div>\n\t\t\t\t\t\t<\/div>\n\t\t\t\t<\/div>\n\t\t\t\t\t<\/div>\n\t\t<\/div>\n\t\t\t\t<div class=\"elementor-column elementor-col-33 elementor-inner-column elementor-element elementor-element-dde4bda\" data-id=\"dde4bda\" data-element_type=\"column\">\n\t\t\t<div class=\"elementor-widget-wrap elementor-element-populated\">\n\t\t\t\t\t\t<div class=\"elementor-element elementor-element-b6ba367 elementor-view-stacked elementor-shape-circle elementor-position-top elementor-mobile-position-top elementor-widget elementor-widget-icon-box\" data-id=\"b6ba367\" data-element_type=\"widget\" data-widget_type=\"icon-box.default\">\n\t\t\t\t<div class=\"elementor-widget-container\">\n\t\t\t\t\t\t\t<div class=\"elementor-icon-box-wrapper\">\n\n\t\t\t\t\t\t<div class=\"elementor-icon-box-icon\">\n\t\t\t\t<span  class=\"elementor-icon\">\n\t\t\t\t<i aria-hidden=\"true\" class=\"icon icon-check\"><\/i>\t\t\t\t<\/span>\n\t\t\t<\/div>\n\t\t\t\n\t\t\t\t\t\t<div class=\"elementor-icon-box-content\">\n\n\t\t\t\t\t\t\t\t\t<h5 class=\"elementor-icon-box-title\">\n\t\t\t\t\t\t<span  >\n\t\t\t\t\t\t\tR\u00e5dgivning\t\t\t\t\t\t<\/span>\n\t\t\t\t\t<\/h5>\n\t\t\t\t\n\t\t\t\t\t\t\t\t\t<p class=\"elementor-icon-box-description\">\n\t\t\t\t\t\tVill du utveckla ditt f\u00f6retag inom f\u00f6retagsekonomi och beh\u00f6ver st\u00f6d eller r\u00e5dgivning? D\u00e5 kan v\u00e5ra redovisningskonsulter vara en nyttig samarbetspartner att \u201dbolla\u201d id\u00e9er med kring budget och f\u00f6rs\u00e4ljning.\t\t\t\t\t<\/p>\n\t\t\t\t\n\t\t\t<\/div>\n\t\t\t\n\t\t<\/div>\n\t\t\t\t\t\t<\/div>\n\t\t\t\t<\/div>\n\t\t\t\t\t<\/div>\n\t\t<\/div>\n\t\t\t\t<div class=\"elementor-column elementor-col-33 elementor-inner-column elementor-element elementor-element-ddbc6d9\" data-id=\"ddbc6d9\" data-element_type=\"column\">\n\t\t\t<div class=\"elementor-widget-wrap elementor-element-populated\">\n\t\t\t\t\t\t<div class=\"elementor-element elementor-element-3b23d8e elementor-view-stacked elementor-shape-circle elementor-position-top elementor-mobile-position-top elementor-widget elementor-widget-icon-box\" data-id=\"3b23d8e\" data-element_type=\"widget\" data-widget_type=\"icon-box.default\">\n\t\t\t\t<div class=\"elementor-widget-container\">\n\t\t\t\t\t\t\t<div class=\"elementor-icon-box-wrapper\">\n\n\t\t\t\t\t\t<div class=\"elementor-icon-box-icon\">\n\t\t\t\t<span  class=\"elementor-icon\">\n\t\t\t\t<i aria-hidden=\"true\" class=\"icon icon-check\"><\/i>\t\t\t\t<\/span>\n\t\t\t<\/div>\n\t\t\t\n\t\t\t\t\t\t<div class=\"elementor-icon-box-content\">\n\n\t\t\t\t\t\t\t\t\t<h5 class=\"elementor-icon-box-title\">\n\t\t\t\t\t\t<span  >\n\t\t\t\t\t\t\tKonsultation\t\t\t\t\t\t<\/span>\n\t\t\t\t\t<\/h5>\n\t\t\t\t\n\t\t\t\t\t\t\t\t\t<p class=\"elementor-icon-box-description\">\n\t\t\t\t\t\tEn konsult med erfarenhet och kunskap kan hj\u00e4lpa till med varierande uppdrag i olika f\u00f6retag och branscher inom ekonomi. Beh\u00f6ver ditt f\u00f6retag hel- eller deltidskonsulter f\u00f6r en viss period l\u00f6ser vi det.\t\t\t\t\t<\/p>\n\t\t\t\t\n\t\t\t<\/div>\n\t\t\t\n\t\t<\/div>\n\t\t\t\t\t\t<\/div>\n\t\t\t\t<\/div>\n\t\t\t\t\t<\/div>\n\t\t<\/div>\n\t\t\t\t\t<\/div>\n\t\t<\/section>\n\t\t\t\t\t<\/div>\n\t\t<\/div>\n\t\t\t\t\t<\/div>\n\t\t<\/section>\n\t\t\t\t<\/div>\n\t\t","protected":false},"excerpt":{"rendered":"<p>Redovisning Vi sk\u00f6ter hela eller delar av ditt f\u00f6retags ekonomihantering med fokus p\u00e5 kvalitet, kostnad och tid. Det innefattar bland annat bokf\u00f6ring, fakturering, utbetalningar, bokslut, \u00e5rsredovisning, l\u00f6nehantering och bolagsregistrering. Du kan fokusera p\u00e5 det du kan b\u00e4st \u2013 ditt f\u00f6retag! R\u00e5dgivning Vill du utveckla ditt f\u00f6retag inom f\u00f6retagsekonomi och beh\u00f6ver st\u00f6d eller r\u00e5dgivning? D\u00e5 kan [&hellip;]<\/p>\n","protected":false},"author":1,"featured_media":0,"parent":0,"menu_order":0,"comment_status":"closed","ping_status":"closed","template":"","meta":{"pagelayer_contact_templates":[],"_pagelayer_content":"","footnotes":""},"class_list":["post-11","page","type-page","status-publish","hentry"],"yoast_head":"<!-- This site is optimized with the Yoast SEO plugin v26.5 - https:\/\/yoast.com\/wordpress\/plugins\/seo\/ -->\n<title>TJ\u00c4NSTER - Max Level Bokf\u00f6ringsbyr\u00e5<\/title>\n<meta name=\"robots\" content=\"index, follow, max-snippet:-1, max-image-preview:large, max-video-preview:-1\" \/>\n<link rel=\"canonical\" href=\"https:\/\/maxlb.se\/?page_id=11\" \/>\n<meta property=\"og:locale\" content=\"sv_SE\" \/>\n<meta property=\"og:type\" content=\"article\" \/>\n<meta property=\"og:title\" content=\"TJ\u00c4NSTER - Max Level Bokf\u00f6ringsbyr\u00e5\" \/>\n<meta property=\"og:description\" content=\"Redovisning Vi sk\u00f6ter hela eller delar av ditt f\u00f6retags ekonomihantering med fokus p\u00e5 kvalitet, kostnad och tid. Det innefattar bland annat bokf\u00f6ring, fakturering, utbetalningar, bokslut, \u00e5rsredovisning, l\u00f6nehantering och bolagsregistrering. Du kan fokusera p\u00e5 det du kan b\u00e4st \u2013 ditt f\u00f6retag! R\u00e5dgivning Vill du utveckla ditt f\u00f6retag inom f\u00f6retagsekonomi och beh\u00f6ver st\u00f6d eller r\u00e5dgivning? D\u00e5 kan [&hellip;]\" \/>\n<meta property=\"og:url\" content=\"https:\/\/maxlb.se\/?page_id=11\" \/>\n<meta property=\"og:site_name\" content=\"Max Level Bokf\u00f6ringsbyr\u00e5\" \/>\n<meta property=\"article:publisher\" content=\"https:\/\/www.facebook.com\/profile.php?id=61550469385619\" \/>\n<meta property=\"article:modified_time\" content=\"2023-09-25T12:00:15+00:00\" \/>\n<meta property=\"og:image\" content=\"https:\/\/maxlb.se\/wp-content\/uploads\/2023\/08\/500_270.webp\" \/>\n\t<meta property=\"og:image:width\" content=\"500\" \/>\n\t<meta property=\"og:image:height\" content=\"270\" \/>\n\t<meta property=\"og:image:type\" content=\"image\/webp\" \/>\n<meta name=\"twitter:card\" content=\"summary_large_image\" \/>\n<meta name=\"twitter:label1\" content=\"Ber\u00e4knad l\u00e4stid\" \/>\n\t<meta name=\"twitter:data1\" content=\"1 minut\" \/>\n<script type=\"application\/ld+json\" class=\"yoast-schema-graph\">{\"@context\":\"https:\/\/schema.org\",\"@graph\":[{\"@type\":\"WebPage\",\"@id\":\"https:\/\/maxlb.se\/?page_id=11\",\"url\":\"https:\/\/maxlb.se\/?page_id=11\",\"name\":\"TJ\u00c4NSTER - Max Level Bokf\u00f6ringsbyr\u00e5\",\"isPartOf\":{\"@id\":\"https:\/\/maxlb.se\/#website\"},\"datePublished\":\"2023-08-24T11:18:50+00:00\",\"dateModified\":\"2023-09-25T12:00:15+00:00\",\"breadcrumb\":{\"@id\":\"https:\/\/maxlb.se\/?page_id=11#breadcrumb\"},\"inLanguage\":\"sv-SE\",\"potentialAction\":[{\"@type\":\"ReadAction\",\"target\":[\"https:\/\/maxlb.se\/?page_id=11\"]}]},{\"@type\":\"BreadcrumbList\",\"@id\":\"https:\/\/maxlb.se\/?page_id=11#breadcrumb\",\"itemListElement\":[{\"@type\":\"ListItem\",\"position\":1,\"name\":\"Hem\",\"item\":\"https:\/\/maxlb.se\/\"},{\"@type\":\"ListItem\",\"position\":2,\"name\":\"TJ\u00c4NSTER\"}]},{\"@type\":\"WebSite\",\"@id\":\"https:\/\/maxlb.se\/#website\",\"url\":\"https:\/\/maxlb.se\/\",\"name\":\"Max Level Bokf\u00f6ringsbyr\u00e5\",\"description\":\"Redovisning byr\u00e5\",\"publisher\":{\"@id\":\"https:\/\/maxlb.se\/#organization\"},\"alternateName\":\"Redovisning byr\u00e5\",\"potentialAction\":[{\"@type\":\"SearchAction\",\"target\":{\"@type\":\"EntryPoint\",\"urlTemplate\":\"https:\/\/maxlb.se\/?s={search_term_string}\"},\"query-input\":{\"@type\":\"PropertyValueSpecification\",\"valueRequired\":true,\"valueName\":\"search_term_string\"}}],\"inLanguage\":\"sv-SE\"},{\"@type\":\"Organization\",\"@id\":\"https:\/\/maxlb.se\/#organization\",\"name\":\"Max Level Bokf\u00f6ringsbyr\u00e5\",\"url\":\"https:\/\/maxlb.se\/\",\"logo\":{\"@type\":\"ImageObject\",\"inLanguage\":\"sv-SE\",\"@id\":\"https:\/\/maxlb.se\/#\/schema\/logo\/image\/\",\"url\":\"https:\/\/maxlb.se\/wp-content\/uploads\/2023\/08\/500_270.webp\",\"contentUrl\":\"https:\/\/maxlb.se\/wp-content\/uploads\/2023\/08\/500_270.webp\",\"width\":500,\"height\":270,\"caption\":\"Max Level Bokf\u00f6ringsbyr\u00e5\"},\"image\":{\"@id\":\"https:\/\/maxlb.se\/#\/schema\/logo\/image\/\"},\"sameAs\":[\"https:\/\/www.facebook.com\/profile.php?id=61550469385619\"]}]}<\/script>\n<!-- \/ Yoast SEO plugin. -->","yoast_head_json":{"title":"TJ\u00c4NSTER - Max Level Bokf\u00f6ringsbyr\u00e5","robots":{"index":"index","follow":"follow","max-snippet":"max-snippet:-1","max-image-preview":"max-image-preview:large","max-video-preview":"max-video-preview:-1"},"canonical":"https:\/\/maxlb.se\/?page_id=11","og_locale":"sv_SE","og_type":"article","og_title":"TJ\u00c4NSTER - Max Level Bokf\u00f6ringsbyr\u00e5","og_description":"Redovisning Vi sk\u00f6ter hela eller delar av ditt f\u00f6retags ekonomihantering med fokus p\u00e5 kvalitet, kostnad och tid. Det innefattar bland annat bokf\u00f6ring, fakturering, utbetalningar, bokslut, \u00e5rsredovisning, l\u00f6nehantering och bolagsregistrering. Du kan fokusera p\u00e5 det du kan b\u00e4st \u2013 ditt f\u00f6retag! R\u00e5dgivning Vill du utveckla ditt f\u00f6retag inom f\u00f6retagsekonomi och beh\u00f6ver st\u00f6d eller r\u00e5dgivning? D\u00e5 kan [&hellip;]","og_url":"https:\/\/maxlb.se\/?page_id=11","og_site_name":"Max Level Bokf\u00f6ringsbyr\u00e5","article_publisher":"https:\/\/www.facebook.com\/profile.php?id=61550469385619","article_modified_time":"2023-09-25T12:00:15+00:00","og_image":[{"width":500,"height":270,"url":"https:\/\/maxlb.se\/wp-content\/uploads\/2023\/08\/500_270.webp","type":"image\/webp"}],"twitter_card":"summary_large_image","twitter_misc":{"Ber\u00e4knad l\u00e4stid":"1 minut"},"schema":{"@context":"https:\/\/schema.org","@graph":[{"@type":"WebPage","@id":"https:\/\/maxlb.se\/?page_id=11","url":"https:\/\/maxlb.se\/?page_id=11","name":"TJ\u00c4NSTER - Max Level Bokf\u00f6ringsbyr\u00e5","isPartOf":{"@id":"https:\/\/maxlb.se\/#website"},"datePublished":"2023-08-24T11:18:50+00:00","dateModified":"2023-09-25T12:00:15+00:00","breadcrumb":{"@id":"https:\/\/maxlb.se\/?page_id=11#breadcrumb"},"inLanguage":"sv-SE","potentialAction":[{"@type":"ReadAction","target":["https:\/\/maxlb.se\/?page_id=11"]}]},{"@type":"BreadcrumbList","@id":"https:\/\/maxlb.se\/?page_id=11#breadcrumb","itemListElement":[{"@type":"ListItem","position":1,"name":"Hem","item":"https:\/\/maxlb.se\/"},{"@type":"ListItem","position":2,"name":"TJ\u00c4NSTER"}]},{"@type":"WebSite","@id":"https:\/\/maxlb.se\/#website","url":"https:\/\/maxlb.se\/","name":"Max Level Bokf\u00f6ringsbyr\u00e5","description":"Redovisning byr\u00e5","publisher":{"@id":"https:\/\/maxlb.se\/#organization"},"alternateName":"Redovisning byr\u00e5","potentialAction":[{"@type":"SearchAction","target":{"@type":"EntryPoint","urlTemplate":"https:\/\/maxlb.se\/?s={search_term_string}"},"query-input":{"@type":"PropertyValueSpecification","valueRequired":true,"valueName":"search_term_string"}}],"inLanguage":"sv-SE"},{"@type":"Organization","@id":"https:\/\/maxlb.se\/#organization","name":"Max Level Bokf\u00f6ringsbyr\u00e5","url":"https:\/\/maxlb.se\/","logo":{"@type":"ImageObject","inLanguage":"sv-SE","@id":"https:\/\/maxlb.se\/#\/schema\/logo\/image\/","url":"https:\/\/maxlb.se\/wp-content\/uploads\/2023\/08\/500_270.webp","contentUrl":"https:\/\/maxlb.se\/wp-content\/uploads\/2023\/08\/500_270.webp","width":500,"height":270,"caption":"Max Level Bokf\u00f6ringsbyr\u00e5"},"image":{"@id":"https:\/\/maxlb.se\/#\/schema\/logo\/image\/"},"sameAs":["https:\/\/www.facebook.com\/profile.php?id=61550469385619"]}]}},"_links":{"self":[{"href":"https:\/\/maxlb.se\/index.php?rest_route=\/wp\/v2\/pages\/11","targetHints":{"allow":["GET"]}}],"collection":[{"href":"https:\/\/maxlb.se\/index.php?rest_route=\/wp\/v2\/pages"}],"about":[{"href":"https:\/\/maxlb.se\/index.php?rest_route=\/wp\/v2\/types\/page"}],"author":[{"embeddable":true,"href":"https:\/\/maxlb.se\/index.php?rest_route=\/wp\/v2\/users\/1"}],"replies":[{"embeddable":true,"href":"https:\/\/maxlb.se\/index.php?rest_route=%2Fwp%2Fv2%2Fcomments&post=11"}],"version-history":[{"count":0,"href":"https:\/\/maxlb.se\/index.php?rest_route=\/wp\/v2\/pages\/11\/revisions"}],"wp:attachment":[{"href":"https:\/\/maxlb.se\/index.php?rest_route=%2Fwp%2Fv2%2Fmedia&parent=11"}],"curies":[{"name":"wp","href":"https:\/\/api.w.org\/{rel}","templated":true}]}}