{"id":117,"date":"2023-08-24T12:48:04","date_gmt":"2023-08-24T12:48:04","guid":{"rendered":"https:\/\/maxlb.se\/?page_id=117"},"modified":"2023-08-31T05:17:44","modified_gmt":"2023-08-31T05:17:44","slug":"offert","status":"publish","type":"page","link":"https:\/\/maxlb.se\/?page_id=117","title":{"rendered":"Offert"},"content":{"rendered":"\t\t<div data-elementor-type=\"wp-page\" data-elementor-id=\"117\" class=\"elementor elementor-117\">\n\t\t\t\t\t\t<section class=\"elementor-section elementor-top-section elementor-element elementor-element-4208b71 elementor-section-full_width elementor-section-stretched elementor-section-height-default elementor-section-height-default\" data-id=\"4208b71\" data-element_type=\"section\" data-settings=\"{&quot;stretch_section&quot;:&quot;section-stretched&quot;}\">\n\t\t\t\t\t\t<div class=\"elementor-container elementor-column-gap-default\">\n\t\t\t\t\t<div class=\"elementor-column elementor-col-100 elementor-top-column elementor-element elementor-element-e997ba9\" data-id=\"e997ba9\" data-element_type=\"column\">\n\t\t\t<div class=\"elementor-widget-wrap elementor-element-populated\">\n\t\t\t\t\t\t<section class=\"elementor-section elementor-inner-section elementor-element elementor-element-0327a5e elementor-section-boxed elementor-section-height-default elementor-section-height-default\" data-id=\"0327a5e\" data-element_type=\"section\">\n\t\t\t\t\t\t<div class=\"elementor-container elementor-column-gap-default\">\n\t\t\t\t\t<div class=\"elementor-column elementor-col-50 elementor-inner-column elementor-element elementor-element-0fab343\" data-id=\"0fab343\" data-element_type=\"column\">\n\t\t\t<div class=\"elementor-widget-wrap elementor-element-populated\">\n\t\t\t\t\t\t<div class=\"elementor-element elementor-element-fea3f5a elementor-widget elementor-widget-heading\" data-id=\"fea3f5a\" data-element_type=\"widget\" data-widget_type=\"heading.default\">\n\t\t\t\t<div class=\"elementor-widget-container\">\n\t\t\t\t\t<h2 class=\"elementor-heading-title elementor-size-default\">Offert<\/h2>\t\t\t\t<\/div>\n\t\t\t\t<\/div>\n\t\t\t\t<div class=\"elementor-element elementor-element-dbc1dba elementor-widget elementor-widget-text-editor\" data-id=\"dbc1dba\" data-element_type=\"widget\" data-widget_type=\"text-editor.default\">\n\t\t\t\t<div class=\"elementor-widget-container\">\n\t\t\t\t\t\t\t\t\t<p>Vill du anlita oss som redovisningsbyr\u00e5 i Stockholm? Vi l\u00e4mnar g\u00e4rna ett kostnadsf\u00f6rslag baserat p\u00e5 dina behov och \u00f6nskem\u00e5l kring v\u00e5ra redovisningstj\u00e4nster. En offert som \u00e4r helt utan krav p\u00e5 motprestation som ger dig en tydlig \u00f6versikt innan du best\u00e4mmer dig f\u00f6r att anlita oss.<\/p>\t\t\t\t\t\t\t\t<\/div>\n\t\t\t\t<\/div>\n\t\t\t\t\t<\/div>\n\t\t<\/div>\n\t\t\t\t<div class=\"elementor-column elementor-col-50 elementor-inner-column elementor-element elementor-element-18b71f5\" data-id=\"18b71f5\" data-element_type=\"column\" data-settings=\"{&quot;background_background&quot;:&quot;classic&quot;}\">\n\t\t\t<div class=\"elementor-widget-wrap elementor-element-populated\">\n\t\t\t\t\t\t<div class=\"elementor-element elementor-element-7b26e6e elementor-widget elementor-widget-heading\" data-id=\"7b26e6e\" data-element_type=\"widget\" data-widget_type=\"heading.default\">\n\t\t\t\t<div class=\"elementor-widget-container\">\n\t\t\t\t\t<h2 class=\"elementor-heading-title elementor-size-default\">Fyll i formul\u00e4ret intill<\/h2>\t\t\t\t<\/div>\n\t\t\t\t<\/div>\n\t\t\t\t<div class=\"elementor-element elementor-element-87dd010 elementor-widget elementor-widget-text-editor\" data-id=\"87dd010\" data-element_type=\"widget\" data-widget_type=\"text-editor.default\">\n\t\t\t\t<div class=\"elementor-widget-container\">\n\t\t\t\t\t\t\t\t\t<p>Vi \u00e5terkommer inom kort med mer information.<\/p>\t\t\t\t\t\t\t\t<\/div>\n\t\t\t\t<\/div>\n\t\t\t\t<div class=\"elementor-element elementor-element-13da66e ekit_wpForms_container-form-button-custom elementor-widget elementor-widget-elementskit-wp-forms\" data-id=\"13da66e\" data-element_type=\"widget\" data-widget_type=\"elementskit-wp-forms.default\">\n\t\t\t\t<div class=\"elementor-widget-container\">\n\t\t\t\t\t<div class=\"ekit-wid-con ekit_wpForms_container\"><div class=\"wpforms-container wpforms-container-full\" id=\"wpforms-409\"><form id=\"wpforms-form-409\" class=\"wpforms-validate wpforms-form wpforms-ajax-form\" data-formid=\"409\" method=\"post\" enctype=\"multipart\/form-data\" action=\"\/?page_id=117\" data-token=\"fb581c198fc0c09c1d275b7c082fa007\" data-token-time=\"1776511369\"><noscript class=\"wpforms-error-noscript\">Aktivera JavaScript i din webbl\u00e4sare f\u00f6r att fylla i formul\u00e4ret.<\/noscript><div class=\"wpforms-field-container\"><div id=\"wpforms-409-field_1-container\" class=\"wpforms-field wpforms-field-text c_of\" data-field-id=\"1\"><label class=\"wpforms-field-label\" for=\"wpforms-409-field_1\">Namn <span class=\"wpforms-required-label\">*<\/span><\/label><input type=\"text\" id=\"wpforms-409-field_1\" class=\"wpforms-field-medium wpforms-field-required\" name=\"wpforms[fields][1]\" required><\/div><div id=\"wpforms-409-field_2-container\" class=\"wpforms-field wpforms-field-text c_of\" data-field-id=\"2\"><label class=\"wpforms-field-label\" for=\"wpforms-409-field_2\">Telefonnummer <span class=\"wpforms-required-label\">*<\/span><\/label><input type=\"text\" id=\"wpforms-409-field_2\" class=\"wpforms-field-medium wpforms-field-required\" name=\"wpforms[fields][2]\" required><\/div><div id=\"wpforms-409-field_3-container\" class=\"wpforms-field wpforms-field-email c_of\" data-field-id=\"3\"><label class=\"wpforms-field-label\" for=\"wpforms-409-field_3\">Email <span class=\"wpforms-required-label\">*<\/span><\/label><input type=\"email\" id=\"wpforms-409-field_3\" class=\"wpforms-field-medium wpforms-field-required\" name=\"wpforms[fields][3]\" spellcheck=\"false\" required><\/div><div id=\"wpforms-409-field_4-container\" class=\"wpforms-field wpforms-field-select c_of wpforms-field-select-style-classic\" data-field-id=\"4\"><label class=\"wpforms-field-label\" for=\"wpforms-409-field_4\">V\u00e4lj tj\u00e4nst* <span class=\"wpforms-required-label\">*<\/span><\/label><select id=\"wpforms-409-field_4\" class=\"wpforms-field-medium wpforms-field-required\" name=\"wpforms[fields][4]\" required=\"required\"><option value=\"Bokf\u00f6ring och redovisning\"  class=\"choice-1 depth-1\"  >Bokf\u00f6ring och redovisning<\/option><option value=\"Bokslut\"  class=\"choice-2 depth-1\"  >Bokslut<\/option><option value=\"Momsdeklaration\"  class=\"choice-3 depth-1\"  >Momsdeklaration<\/option><option value=\"L\u00f6ner\"  class=\"choice-4 depth-1\"  >L\u00f6ner<\/option><option value=\"R\u00e5dgivning\"  class=\"choice-5 depth-1\"  >R\u00e5dgivning<\/option><option value=\"Annat\"  class=\"choice-6 depth-1\"  >Annat<\/option><\/select><\/div><div id=\"wpforms-409-field_5-container\" class=\"wpforms-field wpforms-field-textarea c_of\" data-field-id=\"5\"><label class=\"wpforms-field-label\" for=\"wpforms-409-field_5\">Beskriv ditt \u00e4rende<\/label><textarea id=\"wpforms-409-field_5\" class=\"wpforms-field-medium\" name=\"wpforms[fields][5]\" ><\/textarea><\/div><\/div><!-- .wpforms-field-container --><div class=\"wpforms-recaptcha-container wpforms-is-recaptcha wpforms-is-recaptcha-type-v3\" ><input type=\"hidden\" name=\"wpforms[recaptcha]\" value=\"\"><\/div><div class=\"wpforms-submit-container\" ><input type=\"hidden\" name=\"wpforms[id]\" value=\"409\"><input type=\"hidden\" name=\"page_title\" value=\"Offert\"><input type=\"hidden\" name=\"page_url\" value=\"https:\/\/maxlb.se\/?page_id=117\"><input type=\"hidden\" name=\"url_referer\" value=\"\"><input type=\"hidden\" name=\"page_id\" value=\"117\"><input type=\"hidden\" name=\"wpforms[post_id]\" value=\"117\"><button type=\"submit\" name=\"wpforms[submit]\" id=\"wpforms-submit-409\" class=\"wpforms-submit\" data-alt-text=\"Sending...\" data-submit-text=\"Skicka meddelande\" aria-live=\"assertive\" value=\"wpforms-submit\">Skicka meddelande<\/button><img decoding=\"async\" src=\"https:\/\/maxlb.se\/wp-content\/plugins\/wpforms-lite\/assets\/images\/submit-spin.svg\" class=\"wpforms-submit-spinner\" style=\"display: none;\" width=\"26\" height=\"26\" alt=\"Laddar\"><\/div><\/form><\/div>  <!-- .wpforms-container --><\/div>\t\t\t\t<\/div>\n\t\t\t\t<\/div>\n\t\t\t\t\t<\/div>\n\t\t<\/div>\n\t\t\t\t\t<\/div>\n\t\t<\/section>\n\t\t\t\t\t<\/div>\n\t\t<\/div>\n\t\t\t\t\t<\/div>\n\t\t<\/section>\n\t\t\t\t<\/div>\n\t\t","protected":false},"excerpt":{"rendered":"<p>Offert Vill du anlita oss som redovisningsbyr\u00e5 i Stockholm? Vi l\u00e4mnar g\u00e4rna ett kostnadsf\u00f6rslag baserat p\u00e5 dina behov och \u00f6nskem\u00e5l kring v\u00e5ra redovisningstj\u00e4nster. En offert som \u00e4r helt utan krav p\u00e5 motprestation som ger dig en tydlig \u00f6versikt innan du best\u00e4mmer dig f\u00f6r att anlita oss. Fyll i formul\u00e4ret intill Vi \u00e5terkommer inom kort med [&hellip;]<\/p>\n","protected":false},"author":1,"featured_media":0,"parent":0,"menu_order":0,"comment_status":"closed","ping_status":"closed","template":"","meta":{"pagelayer_contact_templates":[],"_pagelayer_content":"","footnotes":""},"class_list":["post-117","page","type-page","status-publish","hentry"],"yoast_head":"<!-- This site is optimized with the Yoast SEO plugin v26.5 - https:\/\/yoast.com\/wordpress\/plugins\/seo\/ -->\n<title>Offert - Max Level Bokf\u00f6ringsbyr\u00e5<\/title>\n<meta name=\"robots\" content=\"index, follow, max-snippet:-1, max-image-preview:large, max-video-preview:-1\" \/>\n<link rel=\"canonical\" href=\"https:\/\/maxlb.se\/?page_id=117\" \/>\n<meta property=\"og:locale\" content=\"sv_SE\" \/>\n<meta property=\"og:type\" content=\"article\" \/>\n<meta property=\"og:title\" content=\"Offert - Max Level Bokf\u00f6ringsbyr\u00e5\" \/>\n<meta property=\"og:description\" content=\"Offert Vill du anlita oss som redovisningsbyr\u00e5 i Stockholm? Vi l\u00e4mnar g\u00e4rna ett kostnadsf\u00f6rslag baserat p\u00e5 dina behov och \u00f6nskem\u00e5l kring v\u00e5ra redovisningstj\u00e4nster. En offert som \u00e4r helt utan krav p\u00e5 motprestation som ger dig en tydlig \u00f6versikt innan du best\u00e4mmer dig f\u00f6r att anlita oss. Fyll i formul\u00e4ret intill Vi \u00e5terkommer inom kort med [&hellip;]\" \/>\n<meta property=\"og:url\" content=\"https:\/\/maxlb.se\/?page_id=117\" \/>\n<meta property=\"og:site_name\" content=\"Max Level Bokf\u00f6ringsbyr\u00e5\" \/>\n<meta property=\"article:publisher\" content=\"https:\/\/www.facebook.com\/profile.php?id=61550469385619\" \/>\n<meta property=\"article:modified_time\" content=\"2023-08-31T05:17:44+00:00\" \/>\n<meta property=\"og:image\" content=\"https:\/\/maxlb.se\/wp-content\/plugins\/wpforms\/assets\/images\/submit-spin.svg\" \/>\n<meta name=\"twitter:card\" content=\"summary_large_image\" \/>\n<meta name=\"twitter:label1\" content=\"Ber\u00e4knad l\u00e4stid\" \/>\n\t<meta name=\"twitter:data1\" content=\"1 minut\" \/>\n<script type=\"application\/ld+json\" class=\"yoast-schema-graph\">{\"@context\":\"https:\/\/schema.org\",\"@graph\":[{\"@type\":\"WebPage\",\"@id\":\"https:\/\/maxlb.se\/?page_id=117\",\"url\":\"https:\/\/maxlb.se\/?page_id=117\",\"name\":\"Offert - Max Level Bokf\u00f6ringsbyr\u00e5\",\"isPartOf\":{\"@id\":\"https:\/\/maxlb.se\/#website\"},\"primaryImageOfPage\":{\"@id\":\"https:\/\/maxlb.se\/?page_id=117#primaryimage\"},\"image\":{\"@id\":\"https:\/\/maxlb.se\/?page_id=117#primaryimage\"},\"thumbnailUrl\":\"https:\/\/maxlb.se\/wp-content\/plugins\/wpforms\/assets\/images\/submit-spin.svg\",\"datePublished\":\"2023-08-24T12:48:04+00:00\",\"dateModified\":\"2023-08-31T05:17:44+00:00\",\"breadcrumb\":{\"@id\":\"https:\/\/maxlb.se\/?page_id=117#breadcrumb\"},\"inLanguage\":\"sv-SE\",\"potentialAction\":[{\"@type\":\"ReadAction\",\"target\":[\"https:\/\/maxlb.se\/?page_id=117\"]}]},{\"@type\":\"ImageObject\",\"inLanguage\":\"sv-SE\",\"@id\":\"https:\/\/maxlb.se\/?page_id=117#primaryimage\",\"url\":\"https:\/\/maxlb.se\/wp-content\/plugins\/wpforms\/assets\/images\/submit-spin.svg\",\"contentUrl\":\"https:\/\/maxlb.se\/wp-content\/plugins\/wpforms\/assets\/images\/submit-spin.svg\"},{\"@type\":\"BreadcrumbList\",\"@id\":\"https:\/\/maxlb.se\/?page_id=117#breadcrumb\",\"itemListElement\":[{\"@type\":\"ListItem\",\"position\":1,\"name\":\"Hem\",\"item\":\"https:\/\/maxlb.se\/\"},{\"@type\":\"ListItem\",\"position\":2,\"name\":\"Offert\"}]},{\"@type\":\"WebSite\",\"@id\":\"https:\/\/maxlb.se\/#website\",\"url\":\"https:\/\/maxlb.se\/\",\"name\":\"Max Level Bokf\u00f6ringsbyr\u00e5\",\"description\":\"Redovisning byr\u00e5\",\"publisher\":{\"@id\":\"https:\/\/maxlb.se\/#organization\"},\"alternateName\":\"Redovisning byr\u00e5\",\"potentialAction\":[{\"@type\":\"SearchAction\",\"target\":{\"@type\":\"EntryPoint\",\"urlTemplate\":\"https:\/\/maxlb.se\/?s={search_term_string}\"},\"query-input\":{\"@type\":\"PropertyValueSpecification\",\"valueRequired\":true,\"valueName\":\"search_term_string\"}}],\"inLanguage\":\"sv-SE\"},{\"@type\":\"Organization\",\"@id\":\"https:\/\/maxlb.se\/#organization\",\"name\":\"Max Level Bokf\u00f6ringsbyr\u00e5\",\"url\":\"https:\/\/maxlb.se\/\",\"logo\":{\"@type\":\"ImageObject\",\"inLanguage\":\"sv-SE\",\"@id\":\"https:\/\/maxlb.se\/#\/schema\/logo\/image\/\",\"url\":\"https:\/\/maxlb.se\/wp-content\/uploads\/2023\/08\/500_270.webp\",\"contentUrl\":\"https:\/\/maxlb.se\/wp-content\/uploads\/2023\/08\/500_270.webp\",\"width\":500,\"height\":270,\"caption\":\"Max Level Bokf\u00f6ringsbyr\u00e5\"},\"image\":{\"@id\":\"https:\/\/maxlb.se\/#\/schema\/logo\/image\/\"},\"sameAs\":[\"https:\/\/www.facebook.com\/profile.php?id=61550469385619\"]}]}<\/script>\n<!-- \/ Yoast SEO plugin. -->","yoast_head_json":{"title":"Offert - Max Level Bokf\u00f6ringsbyr\u00e5","robots":{"index":"index","follow":"follow","max-snippet":"max-snippet:-1","max-image-preview":"max-image-preview:large","max-video-preview":"max-video-preview:-1"},"canonical":"https:\/\/maxlb.se\/?page_id=117","og_locale":"sv_SE","og_type":"article","og_title":"Offert - Max Level Bokf\u00f6ringsbyr\u00e5","og_description":"Offert Vill du anlita oss som redovisningsbyr\u00e5 i Stockholm? Vi l\u00e4mnar g\u00e4rna ett kostnadsf\u00f6rslag baserat p\u00e5 dina behov och \u00f6nskem\u00e5l kring v\u00e5ra redovisningstj\u00e4nster. En offert som \u00e4r helt utan krav p\u00e5 motprestation som ger dig en tydlig \u00f6versikt innan du best\u00e4mmer dig f\u00f6r att anlita oss. Fyll i formul\u00e4ret intill Vi \u00e5terkommer inom kort med [&hellip;]","og_url":"https:\/\/maxlb.se\/?page_id=117","og_site_name":"Max Level Bokf\u00f6ringsbyr\u00e5","article_publisher":"https:\/\/www.facebook.com\/profile.php?id=61550469385619","article_modified_time":"2023-08-31T05:17:44+00:00","og_image":[{"url":"https:\/\/maxlb.se\/wp-content\/plugins\/wpforms\/assets\/images\/submit-spin.svg","type":"","width":"","height":""}],"twitter_card":"summary_large_image","twitter_misc":{"Ber\u00e4knad l\u00e4stid":"1 minut"},"schema":{"@context":"https:\/\/schema.org","@graph":[{"@type":"WebPage","@id":"https:\/\/maxlb.se\/?page_id=117","url":"https:\/\/maxlb.se\/?page_id=117","name":"Offert - Max Level Bokf\u00f6ringsbyr\u00e5","isPartOf":{"@id":"https:\/\/maxlb.se\/#website"},"primaryImageOfPage":{"@id":"https:\/\/maxlb.se\/?page_id=117#primaryimage"},"image":{"@id":"https:\/\/maxlb.se\/?page_id=117#primaryimage"},"thumbnailUrl":"https:\/\/maxlb.se\/wp-content\/plugins\/wpforms\/assets\/images\/submit-spin.svg","datePublished":"2023-08-24T12:48:04+00:00","dateModified":"2023-08-31T05:17:44+00:00","breadcrumb":{"@id":"https:\/\/maxlb.se\/?page_id=117#breadcrumb"},"inLanguage":"sv-SE","potentialAction":[{"@type":"ReadAction","target":["https:\/\/maxlb.se\/?page_id=117"]}]},{"@type":"ImageObject","inLanguage":"sv-SE","@id":"https:\/\/maxlb.se\/?page_id=117#primaryimage","url":"https:\/\/maxlb.se\/wp-content\/plugins\/wpforms\/assets\/images\/submit-spin.svg","contentUrl":"https:\/\/maxlb.se\/wp-content\/plugins\/wpforms\/assets\/images\/submit-spin.svg"},{"@type":"BreadcrumbList","@id":"https:\/\/maxlb.se\/?page_id=117#breadcrumb","itemListElement":[{"@type":"ListItem","position":1,"name":"Hem","item":"https:\/\/maxlb.se\/"},{"@type":"ListItem","position":2,"name":"Offert"}]},{"@type":"WebSite","@id":"https:\/\/maxlb.se\/#website","url":"https:\/\/maxlb.se\/","name":"Max Level Bokf\u00f6ringsbyr\u00e5","description":"Redovisning byr\u00e5","publisher":{"@id":"https:\/\/maxlb.se\/#organization"},"alternateName":"Redovisning byr\u00e5","potentialAction":[{"@type":"SearchAction","target":{"@type":"EntryPoint","urlTemplate":"https:\/\/maxlb.se\/?s={search_term_string}"},"query-input":{"@type":"PropertyValueSpecification","valueRequired":true,"valueName":"search_term_string"}}],"inLanguage":"sv-SE"},{"@type":"Organization","@id":"https:\/\/maxlb.se\/#organization","name":"Max Level Bokf\u00f6ringsbyr\u00e5","url":"https:\/\/maxlb.se\/","logo":{"@type":"ImageObject","inLanguage":"sv-SE","@id":"https:\/\/maxlb.se\/#\/schema\/logo\/image\/","url":"https:\/\/maxlb.se\/wp-content\/uploads\/2023\/08\/500_270.webp","contentUrl":"https:\/\/maxlb.se\/wp-content\/uploads\/2023\/08\/500_270.webp","width":500,"height":270,"caption":"Max Level Bokf\u00f6ringsbyr\u00e5"},"image":{"@id":"https:\/\/maxlb.se\/#\/schema\/logo\/image\/"},"sameAs":["https:\/\/www.facebook.com\/profile.php?id=61550469385619"]}]}},"_links":{"self":[{"href":"https:\/\/maxlb.se\/index.php?rest_route=\/wp\/v2\/pages\/117","targetHints":{"allow":["GET"]}}],"collection":[{"href":"https:\/\/maxlb.se\/index.php?rest_route=\/wp\/v2\/pages"}],"about":[{"href":"https:\/\/maxlb.se\/index.php?rest_route=\/wp\/v2\/types\/page"}],"author":[{"embeddable":true,"href":"https:\/\/maxlb.se\/index.php?rest_route=\/wp\/v2\/users\/1"}],"replies":[{"embeddable":true,"href":"https:\/\/maxlb.se\/index.php?rest_route=%2Fwp%2Fv2%2Fcomments&post=117"}],"version-history":[{"count":0,"href":"https:\/\/maxlb.se\/index.php?rest_route=\/wp\/v2\/pages\/117\/revisions"}],"wp:attachment":[{"href":"https:\/\/maxlb.se\/index.php?rest_route=%2Fwp%2Fv2%2Fmedia&parent=117"}],"curies":[{"name":"wp","href":"https:\/\/api.w.org\/{rel}","templated":true}]}}