{"id":13,"date":"2023-08-24T11:19:22","date_gmt":"2023-08-24T11:19:22","guid":{"rendered":"https:\/\/maxlb.se\/?page_id=13"},"modified":"2025-12-01T21:05:55","modified_gmt":"2025-12-01T21:05:55","slug":"priser","status":"publish","type":"page","link":"https:\/\/maxlb.se\/?page_id=13","title":{"rendered":"PRISER"},"content":{"rendered":"\t\t<div data-elementor-type=\"wp-page\" data-elementor-id=\"13\" class=\"elementor elementor-13\">\n\t\t\t\t\t\t<section class=\"elementor-section elementor-top-section elementor-element elementor-element-890f3a9 elementor-section-full_width elementor-section-stretched elementor-section-height-default elementor-section-height-default\" data-id=\"890f3a9\" data-element_type=\"section\" data-settings=\"{&quot;stretch_section&quot;:&quot;section-stretched&quot;}\">\n\t\t\t\t\t\t<div class=\"elementor-container elementor-column-gap-default\">\n\t\t\t\t\t<div class=\"elementor-column elementor-col-100 elementor-top-column elementor-element elementor-element-85edf7f\" data-id=\"85edf7f\" data-element_type=\"column\">\n\t\t\t<div class=\"elementor-widget-wrap elementor-element-populated\">\n\t\t\t\t\t\t<section class=\"elementor-section elementor-inner-section elementor-element elementor-element-3895246 elementor-section-boxed elementor-section-height-default elementor-section-height-default\" data-id=\"3895246\" data-element_type=\"section\">\n\t\t\t\t\t\t<div class=\"elementor-container elementor-column-gap-default\">\n\t\t\t\t\t<div class=\"elementor-column elementor-col-100 elementor-inner-column elementor-element elementor-element-f841ecd\" data-id=\"f841ecd\" data-element_type=\"column\">\n\t\t\t<div class=\"elementor-widget-wrap elementor-element-populated\">\n\t\t\t\t\t\t<div class=\"elementor-element elementor-element-6667c4d elementor-widget elementor-widget-heading\" data-id=\"6667c4d\" data-element_type=\"widget\" data-widget_type=\"heading.default\">\n\t\t\t\t<div class=\"elementor-widget-container\">\n\t\t\t\t\t<h5 class=\"elementor-heading-title elementor-size-default\">Priser<\/h5>\t\t\t\t<\/div>\n\t\t\t\t<\/div>\n\t\t\t\t\t<\/div>\n\t\t<\/div>\n\t\t\t\t\t<\/div>\n\t\t<\/section>\n\t\t\t\t<section class=\"elementor-section elementor-inner-section elementor-element elementor-element-fdab858 elementor-section-boxed elementor-section-height-default elementor-section-height-default\" data-id=\"fdab858\" data-element_type=\"section\">\n\t\t\t\t\t\t<div class=\"elementor-container elementor-column-gap-default\">\n\t\t\t\t\t<div class=\"elementor-column elementor-col-33 elementor-inner-column elementor-element elementor-element-f8c6670\" data-id=\"f8c6670\" data-element_type=\"column\">\n\t\t\t<div class=\"elementor-widget-wrap elementor-element-populated\">\n\t\t\t\t\t\t<div class=\"elementor-element elementor-element-f75f19e elementor-icon-list--layout-traditional elementor-list-item-link-full_width elementor-widget elementor-widget-icon-list\" data-id=\"f75f19e\" data-element_type=\"widget\" data-widget_type=\"icon-list.default\">\n\t\t\t\t<div class=\"elementor-widget-container\">\n\t\t\t\t\t\t\t<ul class=\"elementor-icon-list-items\">\n\t\t\t\t\t\t\t<li class=\"elementor-icon-list-item\">\n\t\t\t\t\t\t\t\t\t\t\t<span class=\"elementor-icon-list-icon\">\n\t\t\t\t\t\t\t<i aria-hidden=\"true\" class=\"fas fa-check\"><\/i>\t\t\t\t\t\t<\/span>\n\t\t\t\t\t\t\t\t\t\t<span class=\"elementor-icon-list-text\">L\u00f6pande redovisning fr\u00e5n 900 kr\/h<\/span>\n\t\t\t\t\t\t\t\t\t<\/li>\n\t\t\t\t\t\t<\/ul>\n\t\t\t\t\t\t<\/div>\n\t\t\t\t<\/div>\n\t\t\t\t\t<\/div>\n\t\t<\/div>\n\t\t\t\t<div class=\"elementor-column elementor-col-33 elementor-inner-column elementor-element elementor-element-0ceeb60\" data-id=\"0ceeb60\" data-element_type=\"column\">\n\t\t\t<div class=\"elementor-widget-wrap elementor-element-populated\">\n\t\t\t\t\t\t<div class=\"elementor-element elementor-element-3281fe8 elementor-icon-list--layout-traditional elementor-list-item-link-full_width elementor-widget elementor-widget-icon-list\" data-id=\"3281fe8\" data-element_type=\"widget\" data-widget_type=\"icon-list.default\">\n\t\t\t\t<div class=\"elementor-widget-container\">\n\t\t\t\t\t\t\t<ul class=\"elementor-icon-list-items\">\n\t\t\t\t\t\t\t<li class=\"elementor-icon-list-item\">\n\t\t\t\t\t\t\t\t\t\t\t<span class=\"elementor-icon-list-icon\">\n\t\t\t\t\t\t\t<i aria-hidden=\"true\" class=\"fas fa-check\"><\/i>\t\t\t\t\t\t<\/span>\n\t\t\t\t\t\t\t\t\t\t<span class=\"elementor-icon-list-text\">R\u00e5dgivning 900 kr\/h<\/span>\n\t\t\t\t\t\t\t\t\t<\/li>\n\t\t\t\t\t\t<\/ul>\n\t\t\t\t\t\t<\/div>\n\t\t\t\t<\/div>\n\t\t\t\t\t<\/div>\n\t\t<\/div>\n\t\t\t\t<div class=\"elementor-column elementor-col-33 elementor-inner-column elementor-element elementor-element-37eaa5d\" data-id=\"37eaa5d\" data-element_type=\"column\">\n\t\t\t<div class=\"elementor-widget-wrap elementor-element-populated\">\n\t\t\t\t\t\t<div class=\"elementor-element elementor-element-87abfcc elementor-icon-list--layout-traditional elementor-list-item-link-full_width elementor-widget elementor-widget-icon-list\" data-id=\"87abfcc\" data-element_type=\"widget\" data-widget_type=\"icon-list.default\">\n\t\t\t\t<div class=\"elementor-widget-container\">\n\t\t\t\t\t\t\t<ul class=\"elementor-icon-list-items\">\n\t\t\t\t\t\t\t<li class=\"elementor-icon-list-item\">\n\t\t\t\t\t\t\t\t\t\t\t<span class=\"elementor-icon-list-icon\">\n\t\t\t\t\t\t\t<i aria-hidden=\"true\" class=\"fas fa-check\"><\/i>\t\t\t\t\t\t<\/span>\n\t\t\t\t\t\t\t\t\t\t<span class=\"elementor-icon-list-text\">Bokslut 995 kr\/h<\/span>\n\t\t\t\t\t\t\t\t\t<\/li>\n\t\t\t\t\t\t<\/ul>\n\t\t\t\t\t\t<\/div>\n\t\t\t\t<\/div>\n\t\t\t\t\t<\/div>\n\t\t<\/div>\n\t\t\t\t\t<\/div>\n\t\t<\/section>\n\t\t\t\t<section class=\"elementor-section elementor-inner-section elementor-element elementor-element-38b42b7 elementor-section-boxed elementor-section-height-default elementor-section-height-default\" data-id=\"38b42b7\" data-element_type=\"section\">\n\t\t\t\t\t\t<div class=\"elementor-container elementor-column-gap-default\">\n\t\t\t\t\t<div class=\"elementor-column elementor-col-33 elementor-inner-column elementor-element elementor-element-071bee4\" data-id=\"071bee4\" data-element_type=\"column\">\n\t\t\t<div class=\"elementor-widget-wrap elementor-element-populated\">\n\t\t\t\t\t\t<div class=\"elementor-element elementor-element-932f495 elementor-icon-list--layout-traditional elementor-list-item-link-full_width elementor-widget elementor-widget-icon-list\" data-id=\"932f495\" data-element_type=\"widget\" data-widget_type=\"icon-list.default\">\n\t\t\t\t<div class=\"elementor-widget-container\">\n\t\t\t\t\t\t\t<ul class=\"elementor-icon-list-items\">\n\t\t\t\t\t\t\t<li class=\"elementor-icon-list-item\">\n\t\t\t\t\t\t\t\t\t\t\t<span class=\"elementor-icon-list-icon\">\n\t\t\t\t\t\t\t<i aria-hidden=\"true\" class=\"fas fa-check\"><\/i>\t\t\t\t\t\t<\/span>\n\t\t\t\t\t\t\t\t\t\t<span class=\"elementor-icon-list-text\">Inkomstdeklaration fr\u00e5n 1200 kr\/st<\/span>\n\t\t\t\t\t\t\t\t\t<\/li>\n\t\t\t\t\t\t<\/ul>\n\t\t\t\t\t\t<\/div>\n\t\t\t\t<\/div>\n\t\t\t\t\t<\/div>\n\t\t<\/div>\n\t\t\t\t<div class=\"elementor-column elementor-col-33 elementor-inner-column elementor-element elementor-element-2301936\" data-id=\"2301936\" data-element_type=\"column\">\n\t\t\t<div class=\"elementor-widget-wrap elementor-element-populated\">\n\t\t\t\t\t\t<div class=\"elementor-element elementor-element-74db978 elementor-icon-list--layout-traditional elementor-list-item-link-full_width elementor-widget elementor-widget-icon-list\" data-id=\"74db978\" data-element_type=\"widget\" data-widget_type=\"icon-list.default\">\n\t\t\t\t<div class=\"elementor-widget-container\">\n\t\t\t\t\t\t\t<ul class=\"elementor-icon-list-items\">\n\t\t\t\t\t\t\t<li class=\"elementor-icon-list-item\">\n\t\t\t\t\t\t\t\t\t\t\t<span class=\"elementor-icon-list-icon\">\n\t\t\t\t\t\t\t<i aria-hidden=\"true\" class=\"fas fa-check\"><\/i>\t\t\t\t\t\t<\/span>\n\t\t\t\t\t\t\t\t\t\t<span class=\"elementor-icon-list-text\">\u00c5rsredovisning 1200 kr\/h<\/span>\n\t\t\t\t\t\t\t\t\t<\/li>\n\t\t\t\t\t\t<\/ul>\n\t\t\t\t\t\t<\/div>\n\t\t\t\t<\/div>\n\t\t\t\t\t<\/div>\n\t\t<\/div>\n\t\t\t\t<div class=\"elementor-column elementor-col-33 elementor-inner-column elementor-element elementor-element-3dd9780\" data-id=\"3dd9780\" data-element_type=\"column\">\n\t\t\t<div class=\"elementor-widget-wrap elementor-element-populated\">\n\t\t\t\t\t\t<div class=\"elementor-element elementor-element-6b5a681 elementor-icon-list--layout-traditional elementor-list-item-link-full_width elementor-widget elementor-widget-icon-list\" data-id=\"6b5a681\" data-element_type=\"widget\" data-widget_type=\"icon-list.default\">\n\t\t\t\t<div class=\"elementor-widget-container\">\n\t\t\t\t\t\t\t<ul class=\"elementor-icon-list-items\">\n\t\t\t\t\t\t\t<li class=\"elementor-icon-list-item\">\n\t\t\t\t\t\t\t\t\t\t\t<span class=\"elementor-icon-list-icon\">\n\t\t\t\t\t\t\t<i aria-hidden=\"true\" class=\"fas fa-check\"><\/i>\t\t\t\t\t\t<\/span>\n\t\t\t\t\t\t\t\t\t\t<span class=\"elementor-icon-list-text\">Bolagsregistrering fr\u00e5n 795 kr\/h<\/span>\n\t\t\t\t\t\t\t\t\t<\/li>\n\t\t\t\t\t\t<\/ul>\n\t\t\t\t\t\t<\/div>\n\t\t\t\t<\/div>\n\t\t\t\t\t<\/div>\n\t\t<\/div>\n\t\t\t\t\t<\/div>\n\t\t<\/section>\n\t\t\t\t<section class=\"elementor-section elementor-inner-section elementor-element elementor-element-04e528d elementor-section-boxed elementor-section-height-default elementor-section-height-default\" data-id=\"04e528d\" data-element_type=\"section\">\n\t\t\t\t\t\t<div class=\"elementor-container elementor-column-gap-default\">\n\t\t\t\t\t<div class=\"elementor-column elementor-col-33 elementor-inner-column elementor-element elementor-element-1f99dde\" data-id=\"1f99dde\" data-element_type=\"column\">\n\t\t\t<div class=\"elementor-widget-wrap elementor-element-populated\">\n\t\t\t\t\t\t<div class=\"elementor-element elementor-element-e6fd106 elementor-hidden-desktop elementor-hidden-tablet elementor-hidden-mobile elementor-icon-list--layout-traditional elementor-list-item-link-full_width elementor-widget elementor-widget-icon-list\" data-id=\"e6fd106\" data-element_type=\"widget\" data-widget_type=\"icon-list.default\">\n\t\t\t\t<div class=\"elementor-widget-container\">\n\t\t\t\t\t\t\t<ul class=\"elementor-icon-list-items\">\n\t\t\t\t\t\t\t<li class=\"elementor-icon-list-item\">\n\t\t\t\t\t\t\t\t\t\t\t<span class=\"elementor-icon-list-icon\">\n\t\t\t\t\t\t\t<i aria-hidden=\"true\" class=\"fas fa-check\"><\/i>\t\t\t\t\t\t<\/span>\n\t\t\t\t\t\t\t\t\t\t<span class=\"elementor-icon-list-text\">K10 1000 kr\/st<\/span>\n\t\t\t\t\t\t\t\t\t<\/li>\n\t\t\t\t\t\t<\/ul>\n\t\t\t\t\t\t<\/div>\n\t\t\t\t<\/div>\n\t\t\t\t\t<\/div>\n\t\t<\/div>\n\t\t\t\t<div class=\"elementor-column elementor-col-33 elementor-inner-column elementor-element elementor-element-a0cc33e\" data-id=\"a0cc33e\" data-element_type=\"column\">\n\t\t\t<div class=\"elementor-widget-wrap elementor-element-populated\">\n\t\t\t\t\t\t<div class=\"elementor-element elementor-element-d59ebc5 elementor-hidden-desktop elementor-hidden-tablet elementor-hidden-mobile elementor-icon-list--layout-traditional elementor-list-item-link-full_width elementor-widget elementor-widget-icon-list\" data-id=\"d59ebc5\" data-element_type=\"widget\" data-widget_type=\"icon-list.default\">\n\t\t\t\t<div class=\"elementor-widget-container\">\n\t\t\t\t\t\t\t<ul class=\"elementor-icon-list-items\">\n\t\t\t\t\t\t\t<li class=\"elementor-icon-list-item\">\n\t\t\t\t\t\t\t\t\t\t\t<span class=\"elementor-icon-list-icon\">\n\t\t\t\t\t\t\t<i aria-hidden=\"true\" class=\"fas fa-check\"><\/i>\t\t\t\t\t\t<\/span>\n\t\t\t\t\t\t\t\t\t\t<span class=\"elementor-icon-list-text\">Administrat\u00f6r (t.ex.: best\u00e4llningar \u00e5t dina kunder, copy\/paste-arbete, uppdatera\/hitta data m.m.) 800 kr\/h<\/span>\n\t\t\t\t\t\t\t\t\t<\/li>\n\t\t\t\t\t\t<\/ul>\n\t\t\t\t\t\t<\/div>\n\t\t\t\t<\/div>\n\t\t\t\t\t<\/div>\n\t\t<\/div>\n\t\t\t\t<div class=\"elementor-column elementor-col-33 elementor-inner-column elementor-element elementor-element-6bff5a7\" data-id=\"6bff5a7\" data-element_type=\"column\">\n\t\t\t<div class=\"elementor-widget-wrap\">\n\t\t\t\t\t\t\t<\/div>\n\t\t<\/div>\n\t\t\t\t\t<\/div>\n\t\t<\/section>\n\t\t\t\t<section class=\"elementor-section elementor-inner-section elementor-element elementor-element-71f6dfd elementor-section-boxed elementor-section-height-default elementor-section-height-default\" data-id=\"71f6dfd\" data-element_type=\"section\">\n\t\t\t\t\t\t<div class=\"elementor-container elementor-column-gap-default\">\n\t\t\t\t\t<div class=\"elementor-column elementor-col-100 elementor-inner-column elementor-element elementor-element-d46c9a4\" data-id=\"d46c9a4\" data-element_type=\"column\">\n\t\t\t<div class=\"elementor-widget-wrap elementor-element-populated\">\n\t\t\t\t\t\t<div class=\"elementor-element elementor-element-394525e elementor-widget elementor-widget-heading\" data-id=\"394525e\" data-element_type=\"widget\" data-widget_type=\"heading.default\">\n\t\t\t\t<div class=\"elementor-widget-container\">\n\t\t\t\t\t<h5 class=\"elementor-heading-title elementor-size-default\">Fasta priser<\/h5>\t\t\t\t<\/div>\n\t\t\t\t<\/div>\n\t\t\t\t<div class=\"elementor-element elementor-element-647cedf elementor-widget elementor-widget-text-editor\" data-id=\"647cedf\" data-element_type=\"widget\" data-widget_type=\"text-editor.default\">\n\t\t\t\t<div class=\"elementor-widget-container\">\n\t\t\t\t\t\t\t\t\t<p>Vi kan \u00e4ven erbjuda fasta m\u00e5nadspriser efter en \u00f6verenskommelse.<\/p>\t\t\t\t\t\t\t\t<\/div>\n\t\t\t\t<\/div>\n\t\t\t\t\t<\/div>\n\t\t<\/div>\n\t\t\t\t\t<\/div>\n\t\t<\/section>\n\t\t\t\t\t<\/div>\n\t\t<\/div>\n\t\t\t\t\t<\/div>\n\t\t<\/section>\n\t\t\t\t<\/div>\n\t\t","protected":false},"excerpt":{"rendered":"<p>Priser L\u00f6pande redovisning fr\u00e5n 900 kr\/h R\u00e5dgivning 900 kr\/h Bokslut 995 kr\/h Inkomstdeklaration fr\u00e5n 1200 kr\/st \u00c5rsredovisning 1200 kr\/h Bolagsregistrering fr\u00e5n 795 kr\/h K10 1000 kr\/st Administrat\u00f6r (t.ex.: best\u00e4llningar \u00e5t dina kunder, copy\/paste-arbete, uppdatera\/hitta data m.m.) 800 kr\/h Fasta priser Vi kan \u00e4ven erbjuda fasta m\u00e5nadspriser efter en \u00f6verenskommelse.<\/p>\n","protected":false},"author":1,"featured_media":0,"parent":0,"menu_order":0,"comment_status":"closed","ping_status":"closed","template":"","meta":{"pagelayer_contact_templates":[],"_pagelayer_content":"","footnotes":""},"class_list":["post-13","page","type-page","status-publish","hentry"],"yoast_head":"<!-- This site is optimized with the Yoast SEO plugin v26.5 - https:\/\/yoast.com\/wordpress\/plugins\/seo\/ -->\n<title>PRISER - Max Level Bokf\u00f6ringsbyr\u00e5<\/title>\n<meta name=\"robots\" content=\"index, follow, max-snippet:-1, max-image-preview:large, max-video-preview:-1\" \/>\n<link rel=\"canonical\" href=\"https:\/\/maxlb.se\/?page_id=13\" \/>\n<meta property=\"og:locale\" content=\"sv_SE\" \/>\n<meta property=\"og:type\" content=\"article\" \/>\n<meta property=\"og:title\" content=\"PRISER - Max Level Bokf\u00f6ringsbyr\u00e5\" \/>\n<meta property=\"og:description\" content=\"Priser L\u00f6pande redovisning fr\u00e5n 900 kr\/h R\u00e5dgivning 900 kr\/h Bokslut 995 kr\/h Inkomstdeklaration fr\u00e5n 1200 kr\/st \u00c5rsredovisning 1200 kr\/h Bolagsregistrering fr\u00e5n 795 kr\/h K10 1000 kr\/st Administrat\u00f6r (t.ex.: best\u00e4llningar \u00e5t dina kunder, copy\/paste-arbete, uppdatera\/hitta data m.m.) 800 kr\/h Fasta priser Vi kan \u00e4ven erbjuda fasta m\u00e5nadspriser efter en \u00f6verenskommelse.\" \/>\n<meta property=\"og:url\" content=\"https:\/\/maxlb.se\/?page_id=13\" \/>\n<meta property=\"og:site_name\" content=\"Max Level Bokf\u00f6ringsbyr\u00e5\" \/>\n<meta property=\"article:publisher\" content=\"https:\/\/www.facebook.com\/profile.php?id=61550469385619\" \/>\n<meta property=\"article:modified_time\" content=\"2025-12-01T21:05:55+00:00\" \/>\n<meta property=\"og:image\" content=\"https:\/\/maxlb.se\/wp-content\/uploads\/2023\/08\/500_270.webp\" \/>\n\t<meta property=\"og:image:width\" content=\"500\" \/>\n\t<meta property=\"og:image:height\" content=\"270\" \/>\n\t<meta property=\"og:image:type\" content=\"image\/webp\" \/>\n<meta name=\"twitter:card\" content=\"summary_large_image\" \/>\n<meta name=\"twitter:label1\" content=\"Ber\u00e4knad l\u00e4stid\" \/>\n\t<meta name=\"twitter:data1\" content=\"1 minut\" \/>\n<script type=\"application\/ld+json\" class=\"yoast-schema-graph\">{\"@context\":\"https:\/\/schema.org\",\"@graph\":[{\"@type\":\"WebPage\",\"@id\":\"https:\/\/maxlb.se\/?page_id=13\",\"url\":\"https:\/\/maxlb.se\/?page_id=13\",\"name\":\"PRISER - Max Level Bokf\u00f6ringsbyr\u00e5\",\"isPartOf\":{\"@id\":\"https:\/\/maxlb.se\/#website\"},\"datePublished\":\"2023-08-24T11:19:22+00:00\",\"dateModified\":\"2025-12-01T21:05:55+00:00\",\"breadcrumb\":{\"@id\":\"https:\/\/maxlb.se\/?page_id=13#breadcrumb\"},\"inLanguage\":\"sv-SE\",\"potentialAction\":[{\"@type\":\"ReadAction\",\"target\":[\"https:\/\/maxlb.se\/?page_id=13\"]}]},{\"@type\":\"BreadcrumbList\",\"@id\":\"https:\/\/maxlb.se\/?page_id=13#breadcrumb\",\"itemListElement\":[{\"@type\":\"ListItem\",\"position\":1,\"name\":\"Hem\",\"item\":\"https:\/\/maxlb.se\/\"},{\"@type\":\"ListItem\",\"position\":2,\"name\":\"PRISER\"}]},{\"@type\":\"WebSite\",\"@id\":\"https:\/\/maxlb.se\/#website\",\"url\":\"https:\/\/maxlb.se\/\",\"name\":\"Max Level Bokf\u00f6ringsbyr\u00e5\",\"description\":\"Redovisning byr\u00e5\",\"publisher\":{\"@id\":\"https:\/\/maxlb.se\/#organization\"},\"alternateName\":\"Redovisning byr\u00e5\",\"potentialAction\":[{\"@type\":\"SearchAction\",\"target\":{\"@type\":\"EntryPoint\",\"urlTemplate\":\"https:\/\/maxlb.se\/?s={search_term_string}\"},\"query-input\":{\"@type\":\"PropertyValueSpecification\",\"valueRequired\":true,\"valueName\":\"search_term_string\"}}],\"inLanguage\":\"sv-SE\"},{\"@type\":\"Organization\",\"@id\":\"https:\/\/maxlb.se\/#organization\",\"name\":\"Max Level Bokf\u00f6ringsbyr\u00e5\",\"url\":\"https:\/\/maxlb.se\/\",\"logo\":{\"@type\":\"ImageObject\",\"inLanguage\":\"sv-SE\",\"@id\":\"https:\/\/maxlb.se\/#\/schema\/logo\/image\/\",\"url\":\"https:\/\/maxlb.se\/wp-content\/uploads\/2023\/08\/500_270.webp\",\"contentUrl\":\"https:\/\/maxlb.se\/wp-content\/uploads\/2023\/08\/500_270.webp\",\"width\":500,\"height\":270,\"caption\":\"Max Level Bokf\u00f6ringsbyr\u00e5\"},\"image\":{\"@id\":\"https:\/\/maxlb.se\/#\/schema\/logo\/image\/\"},\"sameAs\":[\"https:\/\/www.facebook.com\/profile.php?id=61550469385619\"]}]}<\/script>\n<!-- \/ Yoast SEO plugin. -->","yoast_head_json":{"title":"PRISER - Max Level Bokf\u00f6ringsbyr\u00e5","robots":{"index":"index","follow":"follow","max-snippet":"max-snippet:-1","max-image-preview":"max-image-preview:large","max-video-preview":"max-video-preview:-1"},"canonical":"https:\/\/maxlb.se\/?page_id=13","og_locale":"sv_SE","og_type":"article","og_title":"PRISER - Max Level Bokf\u00f6ringsbyr\u00e5","og_description":"Priser L\u00f6pande redovisning fr\u00e5n 900 kr\/h R\u00e5dgivning 900 kr\/h Bokslut 995 kr\/h Inkomstdeklaration fr\u00e5n 1200 kr\/st \u00c5rsredovisning 1200 kr\/h Bolagsregistrering fr\u00e5n 795 kr\/h K10 1000 kr\/st Administrat\u00f6r (t.ex.: best\u00e4llningar \u00e5t dina kunder, copy\/paste-arbete, uppdatera\/hitta data m.m.) 800 kr\/h Fasta priser Vi kan \u00e4ven erbjuda fasta m\u00e5nadspriser efter en \u00f6verenskommelse.","og_url":"https:\/\/maxlb.se\/?page_id=13","og_site_name":"Max Level Bokf\u00f6ringsbyr\u00e5","article_publisher":"https:\/\/www.facebook.com\/profile.php?id=61550469385619","article_modified_time":"2025-12-01T21:05:55+00:00","og_image":[{"width":500,"height":270,"url":"https:\/\/maxlb.se\/wp-content\/uploads\/2023\/08\/500_270.webp","type":"image\/webp"}],"twitter_card":"summary_large_image","twitter_misc":{"Ber\u00e4knad l\u00e4stid":"1 minut"},"schema":{"@context":"https:\/\/schema.org","@graph":[{"@type":"WebPage","@id":"https:\/\/maxlb.se\/?page_id=13","url":"https:\/\/maxlb.se\/?page_id=13","name":"PRISER - Max Level Bokf\u00f6ringsbyr\u00e5","isPartOf":{"@id":"https:\/\/maxlb.se\/#website"},"datePublished":"2023-08-24T11:19:22+00:00","dateModified":"2025-12-01T21:05:55+00:00","breadcrumb":{"@id":"https:\/\/maxlb.se\/?page_id=13#breadcrumb"},"inLanguage":"sv-SE","potentialAction":[{"@type":"ReadAction","target":["https:\/\/maxlb.se\/?page_id=13"]}]},{"@type":"BreadcrumbList","@id":"https:\/\/maxlb.se\/?page_id=13#breadcrumb","itemListElement":[{"@type":"ListItem","position":1,"name":"Hem","item":"https:\/\/maxlb.se\/"},{"@type":"ListItem","position":2,"name":"PRISER"}]},{"@type":"WebSite","@id":"https:\/\/maxlb.se\/#website","url":"https:\/\/maxlb.se\/","name":"Max Level Bokf\u00f6ringsbyr\u00e5","description":"Redovisning byr\u00e5","publisher":{"@id":"https:\/\/maxlb.se\/#organization"},"alternateName":"Redovisning byr\u00e5","potentialAction":[{"@type":"SearchAction","target":{"@type":"EntryPoint","urlTemplate":"https:\/\/maxlb.se\/?s={search_term_string}"},"query-input":{"@type":"PropertyValueSpecification","valueRequired":true,"valueName":"search_term_string"}}],"inLanguage":"sv-SE"},{"@type":"Organization","@id":"https:\/\/maxlb.se\/#organization","name":"Max Level Bokf\u00f6ringsbyr\u00e5","url":"https:\/\/maxlb.se\/","logo":{"@type":"ImageObject","inLanguage":"sv-SE","@id":"https:\/\/maxlb.se\/#\/schema\/logo\/image\/","url":"https:\/\/maxlb.se\/wp-content\/uploads\/2023\/08\/500_270.webp","contentUrl":"https:\/\/maxlb.se\/wp-content\/uploads\/2023\/08\/500_270.webp","width":500,"height":270,"caption":"Max Level Bokf\u00f6ringsbyr\u00e5"},"image":{"@id":"https:\/\/maxlb.se\/#\/schema\/logo\/image\/"},"sameAs":["https:\/\/www.facebook.com\/profile.php?id=61550469385619"]}]}},"_links":{"self":[{"href":"https:\/\/maxlb.se\/index.php?rest_route=\/wp\/v2\/pages\/13","targetHints":{"allow":["GET"]}}],"collection":[{"href":"https:\/\/maxlb.se\/index.php?rest_route=\/wp\/v2\/pages"}],"about":[{"href":"https:\/\/maxlb.se\/index.php?rest_route=\/wp\/v2\/types\/page"}],"author":[{"embeddable":true,"href":"https:\/\/maxlb.se\/index.php?rest_route=\/wp\/v2\/users\/1"}],"replies":[{"embeddable":true,"href":"https:\/\/maxlb.se\/index.php?rest_route=%2Fwp%2Fv2%2Fcomments&post=13"}],"version-history":[{"count":51,"href":"https:\/\/maxlb.se\/index.php?rest_route=\/wp\/v2\/pages\/13\/revisions"}],"predecessor-version":[{"id":1121,"href":"https:\/\/maxlb.se\/index.php?rest_route=\/wp\/v2\/pages\/13\/revisions\/1121"}],"wp:attachment":[{"href":"https:\/\/maxlb.se\/index.php?rest_route=%2Fwp%2Fv2%2Fmedia&parent=13"}],"curies":[{"name":"wp","href":"https:\/\/api.w.org\/{rel}","templated":true}]}}