{"id":16,"date":"2023-08-24T11:19:39","date_gmt":"2023-08-24T11:19:39","guid":{"rendered":"https:\/\/maxlb.se\/?page_id=16"},"modified":"2025-10-27T15:13:37","modified_gmt":"2025-10-27T15:13:37","slug":"kontakt","status":"publish","type":"page","link":"https:\/\/maxlb.se\/?page_id=16","title":{"rendered":"KONTAKT"},"content":{"rendered":"\t\t<div data-elementor-type=\"wp-page\" data-elementor-id=\"16\" class=\"elementor elementor-16\">\n\t\t\t\t\t\t<section class=\"elementor-section elementor-top-section elementor-element elementor-element-83829f8 elementor-section-full_width elementor-section-stretched elementor-section-height-default elementor-section-height-default\" data-id=\"83829f8\" data-element_type=\"section\" data-settings=\"{&quot;stretch_section&quot;:&quot;section-stretched&quot;}\">\n\t\t\t\t\t\t<div class=\"elementor-container elementor-column-gap-default\">\n\t\t\t\t\t<div class=\"elementor-column elementor-col-100 elementor-top-column elementor-element elementor-element-c9b93eb\" data-id=\"c9b93eb\" data-element_type=\"column\">\n\t\t\t<div class=\"elementor-widget-wrap elementor-element-populated\">\n\t\t\t\t\t\t<section class=\"elementor-section elementor-inner-section elementor-element elementor-element-4a3a7e0 elementor-section-boxed elementor-section-height-default elementor-section-height-default\" data-id=\"4a3a7e0\" data-element_type=\"section\">\n\t\t\t\t\t\t<div class=\"elementor-container elementor-column-gap-default\">\n\t\t\t\t\t<div class=\"elementor-column elementor-col-33 elementor-inner-column elementor-element elementor-element-2688a14\" data-id=\"2688a14\" data-element_type=\"column\">\n\t\t\t<div class=\"elementor-widget-wrap elementor-element-populated\">\n\t\t\t\t\t\t<div class=\"elementor-element elementor-element-b086e1b elementor-view-stacked elementor-shape-circle elementor-position-top elementor-mobile-position-top elementor-widget elementor-widget-icon-box\" data-id=\"b086e1b\" data-element_type=\"widget\" data-widget_type=\"icon-box.default\">\n\t\t\t\t<div class=\"elementor-widget-container\">\n\t\t\t\t\t\t\t<div class=\"elementor-icon-box-wrapper\">\n\n\t\t\t\t\t\t<div class=\"elementor-icon-box-icon\">\n\t\t\t\t<a href=\"tel:0762-919091\" class=\"elementor-icon\" tabindex=\"-1\" aria-label=\"0762 - 91 90 91\">\n\t\t\t\t<i aria-hidden=\"true\" class=\"fas fa-phone-alt\"><\/i>\t\t\t\t<\/a>\n\t\t\t<\/div>\n\t\t\t\n\t\t\t\t\t\t<div class=\"elementor-icon-box-content\">\n\n\t\t\t\t\t\t\t\t\t<h3 class=\"elementor-icon-box-title\">\n\t\t\t\t\t\t<a href=\"tel:0762-919091\" >\n\t\t\t\t\t\t\t0762 - 91 90 91\t\t\t\t\t\t<\/a>\n\t\t\t\t\t<\/h3>\n\t\t\t\t\n\t\t\t\t\n\t\t\t<\/div>\n\t\t\t\n\t\t<\/div>\n\t\t\t\t\t\t<\/div>\n\t\t\t\t<\/div>\n\t\t\t\t\t<\/div>\n\t\t<\/div>\n\t\t\t\t<div class=\"elementor-column elementor-col-33 elementor-inner-column elementor-element elementor-element-0974093\" data-id=\"0974093\" data-element_type=\"column\">\n\t\t\t<div class=\"elementor-widget-wrap elementor-element-populated\">\n\t\t\t\t\t\t<div class=\"elementor-element elementor-element-8537e07 elementor-view-stacked elementor-shape-circle elementor-position-top elementor-mobile-position-top elementor-widget elementor-widget-icon-box\" data-id=\"8537e07\" data-element_type=\"widget\" data-widget_type=\"icon-box.default\">\n\t\t\t\t<div class=\"elementor-widget-container\">\n\t\t\t\t\t\t\t<div class=\"elementor-icon-box-wrapper\">\n\n\t\t\t\t\t\t<div class=\"elementor-icon-box-icon\">\n\t\t\t\t<a href=\"mailto:info@maxlb.se\u200b\" class=\"elementor-icon\" tabindex=\"-1\" aria-label=\"info@maxlb.se\">\n\t\t\t\t<i aria-hidden=\"true\" class=\"fas fa-envelope\"><\/i>\t\t\t\t<\/a>\n\t\t\t<\/div>\n\t\t\t\n\t\t\t\t\t\t<div class=\"elementor-icon-box-content\">\n\n\t\t\t\t\t\t\t\t\t<h3 class=\"elementor-icon-box-title\">\n\t\t\t\t\t\t<a href=\"mailto:info@maxlb.se\u200b\" >\n\t\t\t\t\t\t\tinfo@maxlb.se\t\t\t\t\t\t<\/a>\n\t\t\t\t\t<\/h3>\n\t\t\t\t\n\t\t\t\t\n\t\t\t<\/div>\n\t\t\t\n\t\t<\/div>\n\t\t\t\t\t\t<\/div>\n\t\t\t\t<\/div>\n\t\t\t\t\t<\/div>\n\t\t<\/div>\n\t\t\t\t<div class=\"elementor-column elementor-col-33 elementor-inner-column elementor-element elementor-element-7cfc06d\" data-id=\"7cfc06d\" data-element_type=\"column\">\n\t\t\t<div class=\"elementor-widget-wrap elementor-element-populated\">\n\t\t\t\t\t\t<div class=\"elementor-element elementor-element-0f8bf70 elementor-view-stacked elementor-shape-circle elementor-position-top elementor-mobile-position-top elementor-widget elementor-widget-icon-box\" data-id=\"0f8bf70\" data-element_type=\"widget\" data-widget_type=\"icon-box.default\">\n\t\t\t\t<div class=\"elementor-widget-container\">\n\t\t\t\t\t\t\t<div class=\"elementor-icon-box-wrapper\">\n\n\t\t\t\t\t\t<div class=\"elementor-icon-box-icon\">\n\t\t\t\t<span  class=\"elementor-icon\">\n\t\t\t\t<i aria-hidden=\"true\" class=\"fas fa-location-arrow\"><\/i>\t\t\t\t<\/span>\n\t\t\t<\/div>\n\t\t\t\n\t\t\t\t\t\t<div class=\"elementor-icon-box-content\">\n\n\t\t\t\t\t\t\t\t\t<h3 class=\"elementor-icon-box-title\">\n\t\t\t\t\t\t<span  >\n\t\t\t\t\t\t\tRingstedsgatan 8, 164 48 Kista\t\t\t\t\t\t<\/span>\n\t\t\t\t\t<\/h3>\n\t\t\t\t\n\t\t\t\t\n\t\t\t<\/div>\n\t\t\t\n\t\t<\/div>\n\t\t\t\t\t\t<\/div>\n\t\t\t\t<\/div>\n\t\t\t\t\t<\/div>\n\t\t<\/div>\n\t\t\t\t\t<\/div>\n\t\t<\/section>\n\t\t\t\t<section class=\"elementor-section elementor-inner-section elementor-element elementor-element-d810c9d elementor-section-boxed elementor-section-height-default elementor-section-height-default\" data-id=\"d810c9d\" data-element_type=\"section\">\n\t\t\t\t\t\t<div class=\"elementor-container elementor-column-gap-default\">\n\t\t\t\t\t<div class=\"elementor-column elementor-col-100 elementor-inner-column elementor-element elementor-element-bd938b4\" data-id=\"bd938b4\" data-element_type=\"column\">\n\t\t\t<div class=\"elementor-widget-wrap elementor-element-populated\">\n\t\t\t\t\t\t<div class=\"elementor-element elementor-element-fd3a972 elementor-widget elementor-widget-text-editor\" data-id=\"fd3a972\" data-element_type=\"widget\" data-widget_type=\"text-editor.default\">\n\t\t\t\t<div class=\"elementor-widget-container\">\n\t\t\t\t\t\t\t\t\t<p>\u00d6ppettider: M\u00e5n-Fre, 9-16<\/p>\t\t\t\t\t\t\t\t<\/div>\n\t\t\t\t<\/div>\n\t\t\t\t<div class=\"elementor-element elementor-element-92c6615 elementor-widget elementor-widget-text-editor\" data-id=\"92c6615\" data-element_type=\"widget\" data-widget_type=\"text-editor.default\">\n\t\t\t\t<div class=\"elementor-widget-container\">\n\t\t\t\t\t\t\t\t\t<p><strong>Bahaa Ali<\/strong><\/p>\t\t\t\t\t\t\t\t<\/div>\n\t\t\t\t<\/div>\n\t\t\t\t<div class=\"elementor-element elementor-element-16fa23e elementor-widget elementor-widget-text-editor\" data-id=\"16fa23e\" data-element_type=\"widget\" data-widget_type=\"text-editor.default\">\n\t\t\t\t<div class=\"elementor-widget-container\">\n\t\t\t\t\t\t\t\t\t<p>Redovisningskonsult och \u00e4gare<\/p>\t\t\t\t\t\t\t\t<\/div>\n\t\t\t\t<\/div>\n\t\t\t\t<div class=\"elementor-element elementor-element-b50208d elementor-widget elementor-widget-image\" data-id=\"b50208d\" data-element_type=\"widget\" data-widget_type=\"image.default\">\n\t\t\t\t<div class=\"elementor-widget-container\">\n\t\t\t\t\t\t\t\t\t\t\t\t\t\t\t<img fetchpriority=\"high\" decoding=\"async\" width=\"300\" height=\"300\" src=\"https:\/\/maxlb.se\/wp-content\/uploads\/2025\/10\/453617327_10229628515729052_4673930180307255979_n-300x300.jpg\" class=\"attachment-medium size-medium wp-image-1106\" alt=\"\" srcset=\"https:\/\/maxlb.se\/wp-content\/uploads\/2025\/10\/453617327_10229628515729052_4673930180307255979_n-300x300.jpg 300w, https:\/\/maxlb.se\/wp-content\/uploads\/2025\/10\/453617327_10229628515729052_4673930180307255979_n-150x150.jpg 150w, https:\/\/maxlb.se\/wp-content\/uploads\/2025\/10\/453617327_10229628515729052_4673930180307255979_n-768x767.jpg 768w, https:\/\/maxlb.se\/wp-content\/uploads\/2025\/10\/453617327_10229628515729052_4673930180307255979_n.jpg 960w\" sizes=\"(max-width: 300px) 100vw, 300px\" \/>\t\t\t\t\t\t\t\t\t\t\t\t\t\t\t<\/div>\n\t\t\t\t<\/div>\n\t\t\t\t<div class=\"elementor-element elementor-element-2674eb5 elementor-widget__width-initial elementor-widget elementor-widget-text-editor\" data-id=\"2674eb5\" data-element_type=\"widget\" data-widget_type=\"text-editor.default\">\n\t\t\t\t<div class=\"elementor-widget-container\">\n\t\t\t\t\t\t\t\t\t<p>Jag driver Max Level Bokf\u00f6ringsbyr\u00e5 sedan 2023 och har sedan tidigare l\u00e5ng erfarenhet av redovisning och f\u00f6retagsekonomi. Varmt v\u00e4lkommen att kontakta mig!<\/p>\t\t\t\t\t\t\t\t<\/div>\n\t\t\t\t<\/div>\n\t\t\t\t<div class=\"elementor-element elementor-element-5c3d126 elementor-shape-circle elementor-grid-0 e-grid-align-center elementor-widget elementor-widget-social-icons\" data-id=\"5c3d126\" data-element_type=\"widget\" data-widget_type=\"social-icons.default\">\n\t\t\t\t<div class=\"elementor-widget-container\">\n\t\t\t\t\t\t\t<div class=\"elementor-social-icons-wrapper elementor-grid\">\n\t\t\t\t\t\t\t<span class=\"elementor-grid-item\">\n\t\t\t\t\t<a class=\"elementor-icon elementor-social-icon elementor-social-icon-facebook elementor-repeater-item-a5c982c\" href=\"https:\/\/www.facebook.com\/bahaa.alghnaimawi\/\" target=\"_blank\">\n\t\t\t\t\t\t<span class=\"elementor-screen-only\">Facebook<\/span>\n\t\t\t\t\t\t<i aria-hidden=\"true\" class=\"fab fa-facebook\"><\/i>\t\t\t\t\t<\/a>\n\t\t\t\t<\/span>\n\t\t\t\t\t<\/div>\n\t\t\t\t\t\t<\/div>\n\t\t\t\t<\/div>\n\t\t\t\t\t<\/div>\n\t\t<\/div>\n\t\t\t\t\t<\/div>\n\t\t<\/section>\n\t\t\t\t\t<\/div>\n\t\t<\/div>\n\t\t\t\t\t<\/div>\n\t\t<\/section>\n\t\t\t\t<\/div>\n\t\t","protected":false},"excerpt":{"rendered":"<p>0762 &#8211; 91 90 91 info@maxlb.se Ringstedsgatan 8, 164 48 Kista \u00d6ppettider: M\u00e5n-Fre, 9-16 Bahaa Ali Redovisningskonsult och \u00e4gare Jag driver Max Level Bokf\u00f6ringsbyr\u00e5 sedan 2023 och har sedan tidigare l\u00e5ng erfarenhet av redovisning och f\u00f6retagsekonomi. Varmt v\u00e4lkommen att kontakta mig! Facebook<\/p>\n","protected":false},"author":1,"featured_media":0,"parent":0,"menu_order":0,"comment_status":"closed","ping_status":"closed","template":"","meta":{"pagelayer_contact_templates":[],"_pagelayer_content":"","footnotes":""},"class_list":["post-16","page","type-page","status-publish","hentry"],"yoast_head":"<!-- This site is optimized with the Yoast SEO plugin v26.5 - https:\/\/yoast.com\/wordpress\/plugins\/seo\/ -->\n<title>KONTAKT - Max Level Bokf\u00f6ringsbyr\u00e5<\/title>\n<meta name=\"robots\" content=\"index, follow, max-snippet:-1, max-image-preview:large, max-video-preview:-1\" \/>\n<link rel=\"canonical\" href=\"https:\/\/maxlb.se\/?page_id=16\" \/>\n<meta property=\"og:locale\" content=\"sv_SE\" \/>\n<meta property=\"og:type\" content=\"article\" \/>\n<meta property=\"og:title\" content=\"KONTAKT - Max Level Bokf\u00f6ringsbyr\u00e5\" \/>\n<meta property=\"og:description\" content=\"0762 &#8211; 91 90 91 info@maxlb.se Ringstedsgatan 8, 164 48 Kista \u00d6ppettider: M\u00e5n-Fre, 9-16 Bahaa Ali Redovisningskonsult och \u00e4gare Jag driver Max Level Bokf\u00f6ringsbyr\u00e5 sedan 2023 och har sedan tidigare l\u00e5ng erfarenhet av redovisning och f\u00f6retagsekonomi. Varmt v\u00e4lkommen att kontakta mig! Facebook\" \/>\n<meta property=\"og:url\" content=\"https:\/\/maxlb.se\/?page_id=16\" \/>\n<meta property=\"og:site_name\" content=\"Max Level Bokf\u00f6ringsbyr\u00e5\" \/>\n<meta property=\"article:publisher\" content=\"https:\/\/www.facebook.com\/profile.php?id=61550469385619\" \/>\n<meta property=\"article:modified_time\" content=\"2025-10-27T15:13:37+00:00\" \/>\n<meta property=\"og:image\" content=\"https:\/\/maxlb.se\/wp-content\/uploads\/2025\/10\/453617327_10229628515729052_4673930180307255979_n-300x300.jpg\" \/>\n<meta name=\"twitter:card\" content=\"summary_large_image\" \/>\n<meta name=\"twitter:label1\" content=\"Ber\u00e4knad l\u00e4stid\" \/>\n\t<meta name=\"twitter:data1\" content=\"1 minut\" \/>\n<script type=\"application\/ld+json\" class=\"yoast-schema-graph\">{\"@context\":\"https:\/\/schema.org\",\"@graph\":[{\"@type\":\"WebPage\",\"@id\":\"https:\/\/maxlb.se\/?page_id=16\",\"url\":\"https:\/\/maxlb.se\/?page_id=16\",\"name\":\"KONTAKT - Max Level Bokf\u00f6ringsbyr\u00e5\",\"isPartOf\":{\"@id\":\"https:\/\/maxlb.se\/#website\"},\"primaryImageOfPage\":{\"@id\":\"https:\/\/maxlb.se\/?page_id=16#primaryimage\"},\"image\":{\"@id\":\"https:\/\/maxlb.se\/?page_id=16#primaryimage\"},\"thumbnailUrl\":\"https:\/\/maxlb.se\/wp-content\/uploads\/2025\/10\/453617327_10229628515729052_4673930180307255979_n-300x300.jpg\",\"datePublished\":\"2023-08-24T11:19:39+00:00\",\"dateModified\":\"2025-10-27T15:13:37+00:00\",\"breadcrumb\":{\"@id\":\"https:\/\/maxlb.se\/?page_id=16#breadcrumb\"},\"inLanguage\":\"sv-SE\",\"potentialAction\":[{\"@type\":\"ReadAction\",\"target\":[\"https:\/\/maxlb.se\/?page_id=16\"]}]},{\"@type\":\"ImageObject\",\"inLanguage\":\"sv-SE\",\"@id\":\"https:\/\/maxlb.se\/?page_id=16#primaryimage\",\"url\":\"https:\/\/maxlb.se\/wp-content\/uploads\/2025\/10\/453617327_10229628515729052_4673930180307255979_n.jpg\",\"contentUrl\":\"https:\/\/maxlb.se\/wp-content\/uploads\/2025\/10\/453617327_10229628515729052_4673930180307255979_n.jpg\",\"width\":960,\"height\":959},{\"@type\":\"BreadcrumbList\",\"@id\":\"https:\/\/maxlb.se\/?page_id=16#breadcrumb\",\"itemListElement\":[{\"@type\":\"ListItem\",\"position\":1,\"name\":\"Hem\",\"item\":\"https:\/\/maxlb.se\/\"},{\"@type\":\"ListItem\",\"position\":2,\"name\":\"KONTAKT\"}]},{\"@type\":\"WebSite\",\"@id\":\"https:\/\/maxlb.se\/#website\",\"url\":\"https:\/\/maxlb.se\/\",\"name\":\"Max Level Bokf\u00f6ringsbyr\u00e5\",\"description\":\"Redovisning byr\u00e5\",\"publisher\":{\"@id\":\"https:\/\/maxlb.se\/#organization\"},\"alternateName\":\"Redovisning byr\u00e5\",\"potentialAction\":[{\"@type\":\"SearchAction\",\"target\":{\"@type\":\"EntryPoint\",\"urlTemplate\":\"https:\/\/maxlb.se\/?s={search_term_string}\"},\"query-input\":{\"@type\":\"PropertyValueSpecification\",\"valueRequired\":true,\"valueName\":\"search_term_string\"}}],\"inLanguage\":\"sv-SE\"},{\"@type\":\"Organization\",\"@id\":\"https:\/\/maxlb.se\/#organization\",\"name\":\"Max Level Bokf\u00f6ringsbyr\u00e5\",\"url\":\"https:\/\/maxlb.se\/\",\"logo\":{\"@type\":\"ImageObject\",\"inLanguage\":\"sv-SE\",\"@id\":\"https:\/\/maxlb.se\/#\/schema\/logo\/image\/\",\"url\":\"https:\/\/maxlb.se\/wp-content\/uploads\/2023\/08\/500_270.webp\",\"contentUrl\":\"https:\/\/maxlb.se\/wp-content\/uploads\/2023\/08\/500_270.webp\",\"width\":500,\"height\":270,\"caption\":\"Max Level Bokf\u00f6ringsbyr\u00e5\"},\"image\":{\"@id\":\"https:\/\/maxlb.se\/#\/schema\/logo\/image\/\"},\"sameAs\":[\"https:\/\/www.facebook.com\/profile.php?id=61550469385619\"]}]}<\/script>\n<!-- \/ Yoast SEO plugin. -->","yoast_head_json":{"title":"KONTAKT - Max Level Bokf\u00f6ringsbyr\u00e5","robots":{"index":"index","follow":"follow","max-snippet":"max-snippet:-1","max-image-preview":"max-image-preview:large","max-video-preview":"max-video-preview:-1"},"canonical":"https:\/\/maxlb.se\/?page_id=16","og_locale":"sv_SE","og_type":"article","og_title":"KONTAKT - Max Level Bokf\u00f6ringsbyr\u00e5","og_description":"0762 &#8211; 91 90 91 info@maxlb.se Ringstedsgatan 8, 164 48 Kista \u00d6ppettider: M\u00e5n-Fre, 9-16 Bahaa Ali Redovisningskonsult och \u00e4gare Jag driver Max Level Bokf\u00f6ringsbyr\u00e5 sedan 2023 och har sedan tidigare l\u00e5ng erfarenhet av redovisning och f\u00f6retagsekonomi. Varmt v\u00e4lkommen att kontakta mig! Facebook","og_url":"https:\/\/maxlb.se\/?page_id=16","og_site_name":"Max Level Bokf\u00f6ringsbyr\u00e5","article_publisher":"https:\/\/www.facebook.com\/profile.php?id=61550469385619","article_modified_time":"2025-10-27T15:13:37+00:00","og_image":[{"url":"https:\/\/maxlb.se\/wp-content\/uploads\/2025\/10\/453617327_10229628515729052_4673930180307255979_n-300x300.jpg","type":"","width":"","height":""}],"twitter_card":"summary_large_image","twitter_misc":{"Ber\u00e4knad l\u00e4stid":"1 minut"},"schema":{"@context":"https:\/\/schema.org","@graph":[{"@type":"WebPage","@id":"https:\/\/maxlb.se\/?page_id=16","url":"https:\/\/maxlb.se\/?page_id=16","name":"KONTAKT - Max Level Bokf\u00f6ringsbyr\u00e5","isPartOf":{"@id":"https:\/\/maxlb.se\/#website"},"primaryImageOfPage":{"@id":"https:\/\/maxlb.se\/?page_id=16#primaryimage"},"image":{"@id":"https:\/\/maxlb.se\/?page_id=16#primaryimage"},"thumbnailUrl":"https:\/\/maxlb.se\/wp-content\/uploads\/2025\/10\/453617327_10229628515729052_4673930180307255979_n-300x300.jpg","datePublished":"2023-08-24T11:19:39+00:00","dateModified":"2025-10-27T15:13:37+00:00","breadcrumb":{"@id":"https:\/\/maxlb.se\/?page_id=16#breadcrumb"},"inLanguage":"sv-SE","potentialAction":[{"@type":"ReadAction","target":["https:\/\/maxlb.se\/?page_id=16"]}]},{"@type":"ImageObject","inLanguage":"sv-SE","@id":"https:\/\/maxlb.se\/?page_id=16#primaryimage","url":"https:\/\/maxlb.se\/wp-content\/uploads\/2025\/10\/453617327_10229628515729052_4673930180307255979_n.jpg","contentUrl":"https:\/\/maxlb.se\/wp-content\/uploads\/2025\/10\/453617327_10229628515729052_4673930180307255979_n.jpg","width":960,"height":959},{"@type":"BreadcrumbList","@id":"https:\/\/maxlb.se\/?page_id=16#breadcrumb","itemListElement":[{"@type":"ListItem","position":1,"name":"Hem","item":"https:\/\/maxlb.se\/"},{"@type":"ListItem","position":2,"name":"KONTAKT"}]},{"@type":"WebSite","@id":"https:\/\/maxlb.se\/#website","url":"https:\/\/maxlb.se\/","name":"Max Level Bokf\u00f6ringsbyr\u00e5","description":"Redovisning byr\u00e5","publisher":{"@id":"https:\/\/maxlb.se\/#organization"},"alternateName":"Redovisning byr\u00e5","potentialAction":[{"@type":"SearchAction","target":{"@type":"EntryPoint","urlTemplate":"https:\/\/maxlb.se\/?s={search_term_string}"},"query-input":{"@type":"PropertyValueSpecification","valueRequired":true,"valueName":"search_term_string"}}],"inLanguage":"sv-SE"},{"@type":"Organization","@id":"https:\/\/maxlb.se\/#organization","name":"Max Level Bokf\u00f6ringsbyr\u00e5","url":"https:\/\/maxlb.se\/","logo":{"@type":"ImageObject","inLanguage":"sv-SE","@id":"https:\/\/maxlb.se\/#\/schema\/logo\/image\/","url":"https:\/\/maxlb.se\/wp-content\/uploads\/2023\/08\/500_270.webp","contentUrl":"https:\/\/maxlb.se\/wp-content\/uploads\/2023\/08\/500_270.webp","width":500,"height":270,"caption":"Max Level Bokf\u00f6ringsbyr\u00e5"},"image":{"@id":"https:\/\/maxlb.se\/#\/schema\/logo\/image\/"},"sameAs":["https:\/\/www.facebook.com\/profile.php?id=61550469385619"]}]}},"_links":{"self":[{"href":"https:\/\/maxlb.se\/index.php?rest_route=\/wp\/v2\/pages\/16","targetHints":{"allow":["GET"]}}],"collection":[{"href":"https:\/\/maxlb.se\/index.php?rest_route=\/wp\/v2\/pages"}],"about":[{"href":"https:\/\/maxlb.se\/index.php?rest_route=\/wp\/v2\/types\/page"}],"author":[{"embeddable":true,"href":"https:\/\/maxlb.se\/index.php?rest_route=\/wp\/v2\/users\/1"}],"replies":[{"embeddable":true,"href":"https:\/\/maxlb.se\/index.php?rest_route=%2Fwp%2Fv2%2Fcomments&post=16"}],"version-history":[{"count":12,"href":"https:\/\/maxlb.se\/index.php?rest_route=\/wp\/v2\/pages\/16\/revisions"}],"predecessor-version":[{"id":1112,"href":"https:\/\/maxlb.se\/index.php?rest_route=\/wp\/v2\/pages\/16\/revisions\/1112"}],"wp:attachment":[{"href":"https:\/\/maxlb.se\/index.php?rest_route=%2Fwp%2Fv2%2Fmedia&parent=16"}],"curies":[{"name":"wp","href":"https:\/\/api.w.org\/{rel}","templated":true}]}}