{"id":9,"date":"2023-08-24T11:18:38","date_gmt":"2023-08-24T11:18:38","guid":{"rendered":"https:\/\/maxlb.se\/?page_id=9"},"modified":"2025-04-09T21:56:00","modified_gmt":"2025-04-09T21:56:00","slug":"start","status":"publish","type":"page","link":"https:\/\/maxlb.se\/","title":{"rendered":"START"},"content":{"rendered":"\t\t<div data-elementor-type=\"wp-page\" data-elementor-id=\"9\" class=\"elementor elementor-9\">\n\t\t\t\t\t\t<section class=\"elementor-section elementor-top-section elementor-element elementor-element-ce7a46a elementor-section-full_width elementor-section-stretched elementor-section-height-default elementor-section-height-default\" data-id=\"ce7a46a\" data-element_type=\"section\" data-settings=\"{&quot;stretch_section&quot;:&quot;section-stretched&quot;,&quot;background_background&quot;:&quot;slideshow&quot;,&quot;animation&quot;:&quot;none&quot;,&quot;background_slideshow_gallery&quot;:[{&quot;id&quot;:991,&quot;url&quot;:&quot;https:\\\/\\\/maxlb.se\\\/wp-content\\\/uploads\\\/2023\\\/10\\\/300_199.webp&quot;}],&quot;background_slideshow_loop&quot;:&quot;yes&quot;,&quot;background_slideshow_slide_duration&quot;:5000,&quot;background_slideshow_slide_transition&quot;:&quot;fade&quot;,&quot;background_slideshow_transition_duration&quot;:500}\">\n\t\t\t\t\t\t\t<div class=\"elementor-background-overlay\"><\/div>\n\t\t\t\t\t\t\t<div class=\"elementor-container elementor-column-gap-default\">\n\t\t\t\t\t<div class=\"elementor-column elementor-col-100 elementor-top-column elementor-element elementor-element-876460a\" data-id=\"876460a\" data-element_type=\"column\">\n\t\t\t<div class=\"elementor-widget-wrap elementor-element-populated\">\n\t\t\t\t\t\t<div class=\"elementor-element elementor-element-868a064 elementor-widget elementor-widget-heading\" data-id=\"868a064\" data-element_type=\"widget\" data-widget_type=\"heading.default\">\n\t\t\t\t<div class=\"elementor-widget-container\">\n\t\t\t\t\t<h3 class=\"elementor-heading-title elementor-size-default\">Trygga l\u00f6sningar f\u00f6r er ekonomi.<\/h3>\t\t\t\t<\/div>\n\t\t\t\t<\/div>\n\t\t\t\t<div class=\"elementor-element elementor-element-ac18ecc elementor-widget__width-initial elementor-widget elementor-widget-text-editor\" data-id=\"ac18ecc\" data-element_type=\"widget\" data-widget_type=\"text-editor.default\">\n\t\t\t\t<div class=\"elementor-widget-container\">\n\t\t\t\t\t\t\t\t\t<p>Max Level Bokf\u00f6ringsbyr\u00e5 erbjuder helhetsl\u00f6sningar och enskilda tj\u00e4nster inom bokf\u00f6ring, redovisning, fakturering, utbetalningar, r\u00e5dgivning, l\u00f6n och konsultationer.\u00a0<\/p>\t\t\t\t\t\t\t\t<\/div>\n\t\t\t\t<\/div>\n\t\t\t\t<div class=\"elementor-element elementor-element-98c4963 elementor-align-center elementor-widget elementor-widget-button\" data-id=\"98c4963\" data-element_type=\"widget\" data-settings=\"{&quot;_animation&quot;:&quot;none&quot;}\" data-widget_type=\"button.default\">\n\t\t\t\t<div class=\"elementor-widget-container\">\n\t\t\t\t\t\t\t\t\t<div class=\"elementor-button-wrapper\">\n\t\t\t\t\t<a class=\"elementor-button elementor-button-link elementor-size-sm\" href=\"https:\/\/maxlb.se\/?page_id=16\">\n\t\t\t\t\t\t<span class=\"elementor-button-content-wrapper\">\n\t\t\t\t\t\t\t\t\t<span class=\"elementor-button-text\">Kontakta oss<\/span>\n\t\t\t\t\t<\/span>\n\t\t\t\t\t<\/a>\n\t\t\t\t<\/div>\n\t\t\t\t\t\t\t\t<\/div>\n\t\t\t\t<\/div>\n\t\t\t\t\t<\/div>\n\t\t<\/div>\n\t\t\t\t\t<\/div>\n\t\t<\/section>\n\t\t\t\t<section class=\"elementor-section elementor-top-section elementor-element elementor-element-d537c8b elementor-section-full_width elementor-section-stretched elementor-section-height-default elementor-section-height-default\" data-id=\"d537c8b\" data-element_type=\"section\" data-settings=\"{&quot;stretch_section&quot;:&quot;section-stretched&quot;,&quot;animation&quot;:&quot;none&quot;}\">\n\t\t\t\t\t\t<div class=\"elementor-container elementor-column-gap-default\">\n\t\t\t\t\t<div class=\"elementor-column elementor-col-100 elementor-top-column elementor-element elementor-element-aff6186\" data-id=\"aff6186\" data-element_type=\"column\">\n\t\t\t<div class=\"elementor-widget-wrap elementor-element-populated\">\n\t\t\t\t\t\t<section class=\"elementor-section elementor-inner-section elementor-element elementor-element-13a39a6 elementor-section-boxed elementor-section-height-default elementor-section-height-default\" data-id=\"13a39a6\" data-element_type=\"section\" data-settings=\"{&quot;animation&quot;:&quot;none&quot;}\">\n\t\t\t\t\t\t<div class=\"elementor-container elementor-column-gap-default\">\n\t\t\t\t\t<div class=\"elementor-column elementor-col-33 elementor-inner-column elementor-element elementor-element-3334eff\" data-id=\"3334eff\" data-element_type=\"column\">\n\t\t\t<div class=\"elementor-widget-wrap elementor-element-populated\">\n\t\t\t\t\t\t<div class=\"elementor-element elementor-element-de6d7a9 elementor-view-stacked elementor-shape-circle elementor-position-top elementor-mobile-position-top elementor-widget elementor-widget-icon-box\" data-id=\"de6d7a9\" data-element_type=\"widget\" data-widget_type=\"icon-box.default\">\n\t\t\t\t<div class=\"elementor-widget-container\">\n\t\t\t\t\t\t\t<div class=\"elementor-icon-box-wrapper\">\n\n\t\t\t\t\t\t<div class=\"elementor-icon-box-icon\">\n\t\t\t\t<span  class=\"elementor-icon\">\n\t\t\t\t<i aria-hidden=\"true\" class=\"far fa-chart-bar\"><\/i>\t\t\t\t<\/span>\n\t\t\t<\/div>\n\t\t\t\n\t\t\t\t\t\t<div class=\"elementor-icon-box-content\">\n\n\t\t\t\t\t\t\t\t\t<h3 class=\"elementor-icon-box-title\">\n\t\t\t\t\t\t<span  >\n\t\t\t\t\t\t\tHelhetsl\u00f6sningar\t\t\t\t\t\t<\/span>\n\t\t\t\t\t<\/h3>\n\t\t\t\t\n\t\t\t\t\t\t\t\t\t<p class=\"elementor-icon-box-description\">\n\t\t\t\t\t\tVi tar hand om hela f\u00f6retagets ekonomi \u2013 fr\u00e5n l\u00f6nehantering och l\u00f6pande bokf\u00f6ring till bokslut och \u00e5rsredovisning.\t\t\t\t\t<\/p>\n\t\t\t\t\n\t\t\t<\/div>\n\t\t\t\n\t\t<\/div>\n\t\t\t\t\t\t<\/div>\n\t\t\t\t<\/div>\n\t\t\t\t\t<\/div>\n\t\t<\/div>\n\t\t\t\t<div class=\"elementor-column elementor-col-33 elementor-inner-column elementor-element elementor-element-034f6a2\" data-id=\"034f6a2\" data-element_type=\"column\">\n\t\t\t<div class=\"elementor-widget-wrap elementor-element-populated\">\n\t\t\t\t\t\t<div class=\"elementor-element elementor-element-57702a4 elementor-view-stacked elementor-shape-circle elementor-position-top elementor-mobile-position-top elementor-widget elementor-widget-icon-box\" data-id=\"57702a4\" data-element_type=\"widget\" data-settings=\"{&quot;_animation&quot;:&quot;none&quot;}\" data-widget_type=\"icon-box.default\">\n\t\t\t\t<div class=\"elementor-widget-container\">\n\t\t\t\t\t\t\t<div class=\"elementor-icon-box-wrapper\">\n\n\t\t\t\t\t\t<div class=\"elementor-icon-box-icon\">\n\t\t\t\t<span  class=\"elementor-icon\">\n\t\t\t\t<i aria-hidden=\"true\" class=\"far fa-comment\"><\/i>\t\t\t\t<\/span>\n\t\t\t<\/div>\n\t\t\t\n\t\t\t\t\t\t<div class=\"elementor-icon-box-content\">\n\n\t\t\t\t\t\t\t\t\t<h3 class=\"elementor-icon-box-title\">\n\t\t\t\t\t\t<span  >\n\t\t\t\t\t\t\tEnskilda tj\u00e4nster\t\t\t\t\t\t<\/span>\n\t\t\t\t\t<\/h3>\n\t\t\t\t\n\t\t\t\t\t\t\t\t\t<p class=\"elementor-icon-box-description\">\n\t\t\t\t\t\tVill ni ha hj\u00e4lp med n\u00e5gon specifik del i er ekonomihantering erbjuder vi en rad olika enskilda tj\u00e4nster och l\u00f6sningar.\t\t\t\t\t<\/p>\n\t\t\t\t\n\t\t\t<\/div>\n\t\t\t\n\t\t<\/div>\n\t\t\t\t\t\t<\/div>\n\t\t\t\t<\/div>\n\t\t\t\t\t<\/div>\n\t\t<\/div>\n\t\t\t\t<div class=\"elementor-column elementor-col-33 elementor-inner-column elementor-element elementor-element-5c8b654\" data-id=\"5c8b654\" data-element_type=\"column\">\n\t\t\t<div class=\"elementor-widget-wrap elementor-element-populated\">\n\t\t\t\t\t\t<div class=\"elementor-element elementor-element-cfd0dcc elementor-view-stacked elementor-shape-circle elementor-position-top elementor-mobile-position-top elementor-widget elementor-widget-icon-box\" data-id=\"cfd0dcc\" data-element_type=\"widget\" data-settings=\"{&quot;_animation&quot;:&quot;none&quot;}\" data-widget_type=\"icon-box.default\">\n\t\t\t\t<div class=\"elementor-widget-container\">\n\t\t\t\t\t\t\t<div class=\"elementor-icon-box-wrapper\">\n\n\t\t\t\t\t\t<div class=\"elementor-icon-box-icon\">\n\t\t\t\t<span  class=\"elementor-icon\">\n\t\t\t\t<i aria-hidden=\"true\" class=\"far fa-chart-bar\"><\/i>\t\t\t\t<\/span>\n\t\t\t<\/div>\n\t\t\t\n\t\t\t\t\t\t<div class=\"elementor-icon-box-content\">\n\n\t\t\t\t\t\t\t\t\t<h3 class=\"elementor-icon-box-title\">\n\t\t\t\t\t\t<span  >\n\t\t\t\t\t\t\tR\u00e5dgivning\t\t\t\t\t\t<\/span>\n\t\t\t\t\t<\/h3>\n\t\t\t\t\n\t\t\t\t\t\t\t\t\t<p class=\"elementor-icon-box-description\">\n\t\t\t\t\t\tMed l\u00e5ng erfarenhet kan Max Level Bokf\u00f6ringsbyr\u00e5 vara r\u00e5dgivare och bollplank i olika fr\u00e5gor som g\u00e4ller er ekonomi.\t\t\t\t\t<\/p>\n\t\t\t\t\n\t\t\t<\/div>\n\t\t\t\n\t\t<\/div>\n\t\t\t\t\t\t<\/div>\n\t\t\t\t<\/div>\n\t\t\t\t\t<\/div>\n\t\t<\/div>\n\t\t\t\t\t<\/div>\n\t\t<\/section>\n\t\t\t\t\t<\/div>\n\t\t<\/div>\n\t\t\t\t\t<\/div>\n\t\t<\/section>\n\t\t\t\t<\/div>\n\t\t","protected":false},"excerpt":{"rendered":"<p>Trygga l\u00f6sningar f\u00f6r er ekonomi. Max Level Bokf\u00f6ringsbyr\u00e5 erbjuder helhetsl\u00f6sningar och enskilda tj\u00e4nster inom bokf\u00f6ring, redovisning, fakturering, utbetalningar, r\u00e5dgivning, l\u00f6n och konsultationer.\u00a0 Kontakta oss Helhetsl\u00f6sningar Vi tar hand om hela f\u00f6retagets ekonomi \u2013 fr\u00e5n l\u00f6nehantering och l\u00f6pande bokf\u00f6ring till bokslut och \u00e5rsredovisning. Enskilda tj\u00e4nster Vill ni ha hj\u00e4lp med n\u00e5gon specifik del i er ekonomihantering [&hellip;]<\/p>\n","protected":false},"author":1,"featured_media":0,"parent":0,"menu_order":0,"comment_status":"closed","ping_status":"closed","template":"","meta":{"pagelayer_contact_templates":[],"_pagelayer_content":"","footnotes":""},"class_list":["post-9","page","type-page","status-publish","hentry"],"yoast_head":"<!-- This site is optimized with the Yoast SEO plugin v26.5 - https:\/\/yoast.com\/wordpress\/plugins\/seo\/ -->\n<title>START - Max Level Bokf\u00f6ringsbyr\u00e5<\/title>\n<meta name=\"robots\" content=\"index, follow, max-snippet:-1, max-image-preview:large, max-video-preview:-1\" \/>\n<link rel=\"canonical\" href=\"https:\/\/maxlb.se\/\" \/>\n<meta property=\"og:locale\" content=\"sv_SE\" \/>\n<meta property=\"og:type\" content=\"article\" \/>\n<meta property=\"og:title\" content=\"START - Max Level Bokf\u00f6ringsbyr\u00e5\" \/>\n<meta property=\"og:description\" content=\"Trygga l\u00f6sningar f\u00f6r er ekonomi. Max Level Bokf\u00f6ringsbyr\u00e5 erbjuder helhetsl\u00f6sningar och enskilda tj\u00e4nster inom bokf\u00f6ring, redovisning, fakturering, utbetalningar, r\u00e5dgivning, l\u00f6n och konsultationer.\u00a0 Kontakta oss Helhetsl\u00f6sningar Vi tar hand om hela f\u00f6retagets ekonomi \u2013 fr\u00e5n l\u00f6nehantering och l\u00f6pande bokf\u00f6ring till bokslut och \u00e5rsredovisning. Enskilda tj\u00e4nster Vill ni ha hj\u00e4lp med n\u00e5gon specifik del i er ekonomihantering [&hellip;]\" \/>\n<meta property=\"og:url\" content=\"https:\/\/maxlb.se\/\" \/>\n<meta property=\"og:site_name\" content=\"Max Level Bokf\u00f6ringsbyr\u00e5\" \/>\n<meta property=\"article:publisher\" content=\"https:\/\/www.facebook.com\/profile.php?id=61550469385619\" \/>\n<meta property=\"article:modified_time\" content=\"2025-04-09T21:56:00+00:00\" \/>\n<meta property=\"og:image\" content=\"https:\/\/maxlb.se\/wp-content\/uploads\/2023\/08\/500_270.webp\" \/>\n\t<meta property=\"og:image:width\" content=\"500\" \/>\n\t<meta property=\"og:image:height\" content=\"270\" \/>\n\t<meta property=\"og:image:type\" content=\"image\/webp\" \/>\n<meta name=\"twitter:card\" content=\"summary_large_image\" \/>\n<meta name=\"twitter:label1\" content=\"Ber\u00e4knad l\u00e4stid\" \/>\n\t<meta name=\"twitter:data1\" content=\"1 minut\" \/>\n<script type=\"application\/ld+json\" class=\"yoast-schema-graph\">{\"@context\":\"https:\/\/schema.org\",\"@graph\":[{\"@type\":\"WebPage\",\"@id\":\"https:\/\/maxlb.se\/\",\"url\":\"https:\/\/maxlb.se\/\",\"name\":\"START - Max Level Bokf\u00f6ringsbyr\u00e5\",\"isPartOf\":{\"@id\":\"https:\/\/maxlb.se\/#website\"},\"datePublished\":\"2023-08-24T11:18:38+00:00\",\"dateModified\":\"2025-04-09T21:56:00+00:00\",\"breadcrumb\":{\"@id\":\"https:\/\/maxlb.se\/#breadcrumb\"},\"inLanguage\":\"sv-SE\",\"potentialAction\":[{\"@type\":\"ReadAction\",\"target\":[\"https:\/\/maxlb.se\/\"]}]},{\"@type\":\"BreadcrumbList\",\"@id\":\"https:\/\/maxlb.se\/#breadcrumb\",\"itemListElement\":[{\"@type\":\"ListItem\",\"position\":1,\"name\":\"Hem\",\"item\":\"https:\/\/maxlb.se\/\"},{\"@type\":\"ListItem\",\"position\":2,\"name\":\"START\"}]},{\"@type\":\"WebSite\",\"@id\":\"https:\/\/maxlb.se\/#website\",\"url\":\"https:\/\/maxlb.se\/\",\"name\":\"Max Level Bokf\u00f6ringsbyr\u00e5\",\"description\":\"Redovisning byr\u00e5\",\"publisher\":{\"@id\":\"https:\/\/maxlb.se\/#organization\"},\"alternateName\":\"Redovisning byr\u00e5\",\"potentialAction\":[{\"@type\":\"SearchAction\",\"target\":{\"@type\":\"EntryPoint\",\"urlTemplate\":\"https:\/\/maxlb.se\/?s={search_term_string}\"},\"query-input\":{\"@type\":\"PropertyValueSpecification\",\"valueRequired\":true,\"valueName\":\"search_term_string\"}}],\"inLanguage\":\"sv-SE\"},{\"@type\":\"Organization\",\"@id\":\"https:\/\/maxlb.se\/#organization\",\"name\":\"Max Level Bokf\u00f6ringsbyr\u00e5\",\"url\":\"https:\/\/maxlb.se\/\",\"logo\":{\"@type\":\"ImageObject\",\"inLanguage\":\"sv-SE\",\"@id\":\"https:\/\/maxlb.se\/#\/schema\/logo\/image\/\",\"url\":\"https:\/\/maxlb.se\/wp-content\/uploads\/2023\/08\/500_270.webp\",\"contentUrl\":\"https:\/\/maxlb.se\/wp-content\/uploads\/2023\/08\/500_270.webp\",\"width\":500,\"height\":270,\"caption\":\"Max Level Bokf\u00f6ringsbyr\u00e5\"},\"image\":{\"@id\":\"https:\/\/maxlb.se\/#\/schema\/logo\/image\/\"},\"sameAs\":[\"https:\/\/www.facebook.com\/profile.php?id=61550469385619\"]}]}<\/script>\n<!-- \/ Yoast SEO plugin. -->","yoast_head_json":{"title":"START - Max Level Bokf\u00f6ringsbyr\u00e5","robots":{"index":"index","follow":"follow","max-snippet":"max-snippet:-1","max-image-preview":"max-image-preview:large","max-video-preview":"max-video-preview:-1"},"canonical":"https:\/\/maxlb.se\/","og_locale":"sv_SE","og_type":"article","og_title":"START - Max Level Bokf\u00f6ringsbyr\u00e5","og_description":"Trygga l\u00f6sningar f\u00f6r er ekonomi. Max Level Bokf\u00f6ringsbyr\u00e5 erbjuder helhetsl\u00f6sningar och enskilda tj\u00e4nster inom bokf\u00f6ring, redovisning, fakturering, utbetalningar, r\u00e5dgivning, l\u00f6n och konsultationer.\u00a0 Kontakta oss Helhetsl\u00f6sningar Vi tar hand om hela f\u00f6retagets ekonomi \u2013 fr\u00e5n l\u00f6nehantering och l\u00f6pande bokf\u00f6ring till bokslut och \u00e5rsredovisning. Enskilda tj\u00e4nster Vill ni ha hj\u00e4lp med n\u00e5gon specifik del i er ekonomihantering [&hellip;]","og_url":"https:\/\/maxlb.se\/","og_site_name":"Max Level Bokf\u00f6ringsbyr\u00e5","article_publisher":"https:\/\/www.facebook.com\/profile.php?id=61550469385619","article_modified_time":"2025-04-09T21:56:00+00:00","og_image":[{"width":500,"height":270,"url":"https:\/\/maxlb.se\/wp-content\/uploads\/2023\/08\/500_270.webp","type":"image\/webp"}],"twitter_card":"summary_large_image","twitter_misc":{"Ber\u00e4knad l\u00e4stid":"1 minut"},"schema":{"@context":"https:\/\/schema.org","@graph":[{"@type":"WebPage","@id":"https:\/\/maxlb.se\/","url":"https:\/\/maxlb.se\/","name":"START - Max Level Bokf\u00f6ringsbyr\u00e5","isPartOf":{"@id":"https:\/\/maxlb.se\/#website"},"datePublished":"2023-08-24T11:18:38+00:00","dateModified":"2025-04-09T21:56:00+00:00","breadcrumb":{"@id":"https:\/\/maxlb.se\/#breadcrumb"},"inLanguage":"sv-SE","potentialAction":[{"@type":"ReadAction","target":["https:\/\/maxlb.se\/"]}]},{"@type":"BreadcrumbList","@id":"https:\/\/maxlb.se\/#breadcrumb","itemListElement":[{"@type":"ListItem","position":1,"name":"Hem","item":"https:\/\/maxlb.se\/"},{"@type":"ListItem","position":2,"name":"START"}]},{"@type":"WebSite","@id":"https:\/\/maxlb.se\/#website","url":"https:\/\/maxlb.se\/","name":"Max Level Bokf\u00f6ringsbyr\u00e5","description":"Redovisning byr\u00e5","publisher":{"@id":"https:\/\/maxlb.se\/#organization"},"alternateName":"Redovisning byr\u00e5","potentialAction":[{"@type":"SearchAction","target":{"@type":"EntryPoint","urlTemplate":"https:\/\/maxlb.se\/?s={search_term_string}"},"query-input":{"@type":"PropertyValueSpecification","valueRequired":true,"valueName":"search_term_string"}}],"inLanguage":"sv-SE"},{"@type":"Organization","@id":"https:\/\/maxlb.se\/#organization","name":"Max Level Bokf\u00f6ringsbyr\u00e5","url":"https:\/\/maxlb.se\/","logo":{"@type":"ImageObject","inLanguage":"sv-SE","@id":"https:\/\/maxlb.se\/#\/schema\/logo\/image\/","url":"https:\/\/maxlb.se\/wp-content\/uploads\/2023\/08\/500_270.webp","contentUrl":"https:\/\/maxlb.se\/wp-content\/uploads\/2023\/08\/500_270.webp","width":500,"height":270,"caption":"Max Level Bokf\u00f6ringsbyr\u00e5"},"image":{"@id":"https:\/\/maxlb.se\/#\/schema\/logo\/image\/"},"sameAs":["https:\/\/www.facebook.com\/profile.php?id=61550469385619"]}]}},"_links":{"self":[{"href":"https:\/\/maxlb.se\/index.php?rest_route=\/wp\/v2\/pages\/9","targetHints":{"allow":["GET"]}}],"collection":[{"href":"https:\/\/maxlb.se\/index.php?rest_route=\/wp\/v2\/pages"}],"about":[{"href":"https:\/\/maxlb.se\/index.php?rest_route=\/wp\/v2\/types\/page"}],"author":[{"embeddable":true,"href":"https:\/\/maxlb.se\/index.php?rest_route=\/wp\/v2\/users\/1"}],"replies":[{"embeddable":true,"href":"https:\/\/maxlb.se\/index.php?rest_route=%2Fwp%2Fv2%2Fcomments&post=9"}],"version-history":[{"count":6,"href":"https:\/\/maxlb.se\/index.php?rest_route=\/wp\/v2\/pages\/9\/revisions"}],"predecessor-version":[{"id":1097,"href":"https:\/\/maxlb.se\/index.php?rest_route=\/wp\/v2\/pages\/9\/revisions\/1097"}],"wp:attachment":[{"href":"https:\/\/maxlb.se\/index.php?rest_route=%2Fwp%2Fv2%2Fmedia&parent=9"}],"curies":[{"name":"wp","href":"https:\/\/api.w.org\/{rel}","templated":true}]}}